{"id":2659,"date":"2022-12-12T12:12:47","date_gmt":"2022-12-12T11:12:47","guid":{"rendered":"https:\/\/www.reichsamt.info\/jdr-druckerei\/?page_id=2659"},"modified":"2024-10-19T20:45:30","modified_gmt":"2024-10-19T18:45:30","slug":"reichsbuergeraufklaerung","status":"publish","type":"page","link":"https:\/\/www.reichsamt.info\/jdr-druckerei\/reichsbuergeraufklaerung\/","title":{"rendered":"Reichsb\u00fcrgeraufkl\u00e4rung"},"content":{"rendered":"<div class=\"pdfprnt-buttons pdfprnt-buttons-page pdfprnt-top-bottom-right\"><a href=\"https:\/\/www.reichsamt.info\/jdr-druckerei\/wp-json\/wp\/v2\/pages\/2659?print=pdf\" class=\"pdfprnt-button pdfprnt-button-pdf\" target=\"_blank\" ><\/a><a href=\"https:\/\/www.reichsamt.info\/jdr-druckerei\/wp-json\/wp\/v2\/pages\/2659?print=print\" class=\"pdfprnt-button pdfprnt-button-print\" target=\"_blank\" ><img decoding=\"async\" src=\"https:\/\/www.reichsamt.info\/jdr-druckerei\/wp-content\/plugins\/pdf-print\/images\/print.png\" alt=\"image_print\" title=\"Inhalt drucken\" \/><\/a><\/div><p><strong>Sehr wichtig f\u00fcr die Menschen, die den Unterschied zwischen Reichsb\u00fcrgern und Reichs- und Staatsangeh\u00f6rigen nicht sofort erkennen k\u00f6nnen.<\/strong><\/p>\n<p><em>Kurzfassung:<\/em> <strong>Ab 2008 distanzieren wir uns offenkundig von Reichsb\u00fcrgern, deren Verschw\u00f6rungstheorien, Handlungen und Unterstellungen, denn wir sind Reichs- und Staatsangeh\u00f6rige nach dem RuStaG 1913.<\/strong><\/p>\n<p>Deshalb gibt es auch bei uns den Reichspranger<br \/>\n<a href=\"https:\/\/www.deutscher-reichsanzeiger.de\/rgbl\/?s=Reichspranger\">https:\/\/www.deutscher-reichsanzeiger.de\/rgbl\/?s=Reichspranger<\/a><\/p>\n<p><a class=\"moz-txt-link-freetext\" href=\"https:\/\/www.deutscher-reichsanzeiger.de\/rgbl\/?s=Reichsb\u00fcrger\">https:\/\/www.deutscher-reichsanzeiger.de\/rgbl\/?s=Reichsb\u00fcrger<\/a><br \/>\n<a class=\"moz-txt-link-freetext\" href=\"https:\/\/www.deutscher-reichsanzeiger.de\/rgbl\/staatsverleugner-und-reichsbuerger\/\">https:\/\/www.deutscher-reichsanzeiger.de\/rgbl\/staatsverleugner-und-reichsbuerger\/<\/a><br \/>\n<a class=\"moz-txt-link-freetext\" href=\"https:\/\/www.deutscher-reichsanzeiger.de\/rgbl\/warnung-vor-weiteren-taeuschern-kriminellen-und-verfassungshochverraetern\/\">https:\/\/www.deutscher-reichsanzeiger.de\/rgbl\/warnung-vor-weiteren-taeuschern-kriminellen-und-verfassungshochverraetern\/<\/a><br \/>\n<a class=\"moz-txt-link-freetext\" href=\"https:\/\/www.deutscher-reichsanzeiger.de\/rgbl\/rgbl-1703231-nr13-ueberleitungsgesetz-umgang-mit-waffen\/\">https:\/\/www.deutscher-reichsanzeiger.de\/rgbl\/rgbl-1703231-nr13-ueberleitungsgesetz-umgang-mit-waffen\/<\/a><\/p>\n<p>Zum Thema Staatenlos<br \/>\n<a href=\"https:\/\/www.deutscher-reichsanzeiger.de\/rgbl\/urkunde-des-erwachens-auch-staatenlose-koennen-staatsangehoerige-werden\/\">https:\/\/www.deutscher-reichsanzeiger.de\/rgbl\/urkunde-des-erwachens-auch-staatenlose-koennen-staatsangehoerige-werden\/<\/a><br \/>\n<a href=\"https:\/\/www.deutscher-reichsanzeiger.de\/rgbl\/rechts-und-geschaeftsfaehigkeit-von-reichs-und-staatsangehoerigen\/\">https:\/\/www.deutscher-reichsanzeiger.de\/rgbl\/rechts-und-geschaeftsfaehigkeit-von-reichs-und-staatsangehoerigen\/<\/a><\/p>\n<p>Auch einen Film haben wir dazu.<br \/>\n<a href=\"https:\/\/www.dramt.de\/lehrfilme\/Zum-Thema--Reichsbuerger.mp4\">https:\/\/www.dramt.de\/lehrfilme\/Zum-Thema&#8211;Reichsbuerger.mp4<\/a><br \/>\nZu finden in unserem YouTube-Kanal<br \/>\n<a href=\"https:\/\/www.youtube.com\/@uni-spik\">https:\/\/www.youtube.com\/@uni-spik<\/a><br \/>\nDailymotion<br \/>\n<a href=\"https:\/\/www.dailymotion.com\/mmgz\">https:\/\/www.dailymotion.com\/mmgz<\/a><\/p>\n<p>Lehrfilme<br \/>\n<a href=\"https:\/\/www.dramt.de\/lehrfilme\">https:\/\/www.dramt.de\/lehrfilme<\/a><\/p>\n<p>Einiges mehr zu finden unter:<br \/>\n<a class=\"moz-txt-link-freetext\" href=\"https:\/\/www.nationalstaat-deutschland.de\/einheit\/legitimation-der-institutionalisierten-reichsorgane\/\">https:\/\/www.nationalstaat-deutschland.de\/einheit\/legitimation-der-institutionalisierten-reichsorgane\/<\/a><br \/>\n<a class=\"moz-txt-link-freetext\" href=\"https:\/\/rabestte.reichsamt.info\">https:\/\/rabestte.reichsamt.info<\/a><br \/>\n<a class=\"moz-txt-link-freetext\" href=\"https:\/\/rabestte.reichsamt.info\/wie-erkennen-wir-den-wahren-volksverraeter\/\">https:\/\/rabestte.reichsamt.info\/wie-erkennen-wir-den-wahren-volksverraeter\/<\/a><br \/>\n<a class=\"moz-txt-link-freetext\" href=\"https:\/\/rabestte.reichsamt.info\/amtliche-mitteilung-zu-gemeindegruendungen-gelber-schein-falschbeurkundungen-verfassungsinitiativen-und-taeuschern\/\">https:\/\/rabestte.reichsamt.info\/amtliche-mitteilung-zu-gemeindegruendungen-gelber-schein-falschbeurkundungen-verfassungsinitiativen-und-taeuschern\/<\/a><\/p>\n<p>Bitte bewahrt Ruhe, denn das ist nun sehr wichtig. Nur mit Besonnenheit, Klarheit und absoluten Vertrauen, werden wir diesen Sturm aus sicherer und gesch\u00fctzter Position \u00fcberstehen.<\/p>\n<p>Erhard Lorenz, Staatssekret\u00e4r des Innern, den 12.12.2022.<\/p>\n<p>Die L\u00f6sung ist die echte Reichs- und Staatsangeh\u00f6rigkeit<\/p>\n<p><a href=\"https:\/\/www.deutscher-reichsanzeiger.de\/rgbl\/die-loesung-ist-die-echte-reichs-und-staatsangehoerigkeit-gemaess-rustag-1913\/\">https:\/\/www.deutscher-reichsanzeiger.de\/rgbl\/die-loesung-ist-die-echte-reichs-und-staatsangehoerigkeit-gemaess-rustag-1913\/<\/a><\/p>\n<p>Das einzig wahre und legitime Staatsangeh\u00f6rigkeitsgesetz zu Deutschland<\/p>\n<p><a href=\"https:\/\/www.deutscher-reichsanzeiger.de\/rgbl\/rustag-1913\/\">https:\/\/www.deutscher-reichsanzeiger.de\/rgbl\/rustag-1913\/<\/a><\/p>\n<p><strong>Und nur darum geht es,<\/strong> denn wir m\u00fcssen im richtigen Register registriert sein.<\/p>\n<p><a href=\"https:\/\/www.deutscher-reichsanzeiger.de\/rgbl\/personenstandsregister-deutschland\/\">https:\/\/www.deutscher-reichsanzeiger.de\/rgbl\/personenstandsregister-deutschland\/<\/a><\/p>\n<p><strong>Wie erkennt und f\u00fchlt der Deutsche die Heimat seiner Ahnen<\/strong><\/p>\n<p><a href=\"https:\/\/www.deutscher-reichsanzeiger.de\/rgbl\/wie-erkennt-und-fuehlt-der-deutsche-die-heimat-seiner-vorfahren-und-seiner-wurzel\/\">https:\/\/www.deutscher-reichsanzeiger.de\/rgbl\/wie-erkennt-und-fuehlt-der-deutsche-die-heimat-seiner-vorfahren-und-seiner-wurzel\/<\/a><\/p>\n<p style=\"text-align: center;\"><strong><span style=\"font-size: 18pt;\">Von der Maas bis an die Memel, von der Etsch bis an den Belt&#8230;..<\/span><\/strong><\/p>\n<div class=\"pdfprnt-buttons pdfprnt-buttons-page pdfprnt-top-bottom-right\"><a href=\"https:\/\/www.reichsamt.info\/jdr-druckerei\/wp-json\/wp\/v2\/pages\/2659?print=pdf\" class=\"pdfprnt-button pdfprnt-button-pdf\" target=\"_blank\" ><\/a><a href=\"https:\/\/www.reichsamt.info\/jdr-druckerei\/wp-json\/wp\/v2\/pages\/2659?print=print\" class=\"pdfprnt-button pdfprnt-button-print\" target=\"_blank\" ><img decoding=\"async\" src=\"https:\/\/www.reichsamt.info\/jdr-druckerei\/wp-content\/plugins\/pdf-print\/images\/print.png\" alt=\"image_print\" title=\"Inhalt drucken\" \/><\/a><\/div>","protected":false},"excerpt":{"rendered":"<p>Sehr wichtig f\u00fcr die Menschen, die den Unterschied zwischen Reichsb\u00fcrgern und Reichs- und Staatsangeh\u00f6rigen nicht sofort erkennen k\u00f6nnen. Kurzfassung: Ab 2008 distanzieren [&hellip;]<\/p>\n","protected":false},"author":1,"featured_media":0,"parent":0,"menu_order":0,"comment_status":"closed","ping_status":"closed","template":"","meta":{"footnotes":""},"class_list":["post-2659","page","type-page","status-publish","hentry"],"yoast_head":"<!-- This site is optimized with the Yoast SEO plugin v27.1.1 - https:\/\/yoast.com\/product\/yoast-seo-wordpress\/ -->\n<title>Reichsb\u00fcrgeraufkl\u00e4rung - Urkundendruckerei Deutsches Reich<\/title>\n<meta name=\"robots\" content=\"index, follow, max-snippet:-1, max-image-preview:large, max-video-preview:-1\" \/>\n<link rel=\"canonical\" href=\"https:\/\/www.reichsamt.info\/jdr-druckerei\/reichsbuergeraufklaerung\/\" \/>\n<meta property=\"og:locale\" content=\"de_DE\" \/>\n<meta property=\"og:type\" content=\"article\" \/>\n<meta property=\"og:title\" content=\"Reichsb\u00fcrgeraufkl\u00e4rung - Urkundendruckerei Deutsches Reich\" \/>\n<meta property=\"og:description\" content=\"Sehr wichtig f\u00fcr die Menschen, die den Unterschied zwischen Reichsb\u00fcrgern und Reichs- und Staatsangeh\u00f6rigen nicht sofort erkennen k\u00f6nnen. Kurzfassung: Ab 2008 distanzieren [&hellip;]\" \/>\n<meta property=\"og:url\" content=\"https:\/\/www.reichsamt.info\/jdr-druckerei\/reichsbuergeraufklaerung\/\" \/>\n<meta property=\"og:site_name\" content=\"Urkundendruckerei Deutsches Reich\" \/>\n<meta property=\"article:modified_time\" content=\"2024-10-19T18:45:30+00:00\" \/>\n<meta name=\"twitter:card\" content=\"summary_large_image\" \/>\n<meta name=\"twitter:label1\" content=\"Gesch\u00e4tzte Lesezeit\" \/>\n\t<meta name=\"twitter:data1\" content=\"1\u00a0Minute\" \/>\n<script type=\"application\/ld+json\" class=\"yoast-schema-graph\">{\"@context\":\"https:\/\/schema.org\",\"@graph\":[{\"@type\":\"WebPage\",\"@id\":\"https:\/\/www.reichsamt.info\/jdr-druckerei\/reichsbuergeraufklaerung\/\",\"url\":\"https:\/\/www.reichsamt.info\/jdr-druckerei\/reichsbuergeraufklaerung\/\",\"name\":\"Reichsb\u00fcrgeraufkl\u00e4rung - Urkundendruckerei Deutsches Reich\",\"isPartOf\":{\"@id\":\"https:\/\/www.reichsamt.info\/jdr-druckerei\/#website\"},\"datePublished\":\"2022-12-12T11:12:47+00:00\",\"dateModified\":\"2024-10-19T18:45:30+00:00\",\"breadcrumb\":{\"@id\":\"https:\/\/www.reichsamt.info\/jdr-druckerei\/reichsbuergeraufklaerung\/#breadcrumb\"},\"inLanguage\":\"de\",\"potentialAction\":[{\"@type\":\"ReadAction\",\"target\":[\"https:\/\/www.reichsamt.info\/jdr-druckerei\/reichsbuergeraufklaerung\/\"]}]},{\"@type\":\"BreadcrumbList\",\"@id\":\"https:\/\/www.reichsamt.info\/jdr-druckerei\/reichsbuergeraufklaerung\/#breadcrumb\",\"itemListElement\":[{\"@type\":\"ListItem\",\"position\":1,\"name\":\"Startseite\",\"item\":\"https:\/\/www.reichsamt.info\/jdr-druckerei\/\"},{\"@type\":\"ListItem\",\"position\":2,\"name\":\"Reichsb\u00fcrgeraufkl\u00e4rung\"}]},{\"@type\":\"WebSite\",\"@id\":\"https:\/\/www.reichsamt.info\/jdr-druckerei\/#website\",\"url\":\"https:\/\/www.reichsamt.info\/jdr-druckerei\/\",\"name\":\"Druckerei Deutschland\",\"description\":\"Bei uns erhalten sie Urkunden und Dokumente f\u00fcr Reichs- und Staatsangeh\u00f6rige und Personen die ihre Staatenlosigkeit beenden wollen.\",\"potentialAction\":[{\"@type\":\"SearchAction\",\"target\":{\"@type\":\"EntryPoint\",\"urlTemplate\":\"https:\/\/www.reichsamt.info\/jdr-druckerei\/?s={search_term_string}\"},\"query-input\":{\"@type\":\"PropertyValueSpecification\",\"valueRequired\":true,\"valueName\":\"search_term_string\"}}],\"inLanguage\":\"de\"}]}<\/script>\n<!-- \/ Yoast SEO plugin. -->","yoast_head_json":{"title":"Reichsb\u00fcrgeraufkl\u00e4rung - Urkundendruckerei Deutsches Reich","robots":{"index":"index","follow":"follow","max-snippet":"max-snippet:-1","max-image-preview":"max-image-preview:large","max-video-preview":"max-video-preview:-1"},"canonical":"https:\/\/www.reichsamt.info\/jdr-druckerei\/reichsbuergeraufklaerung\/","og_locale":"de_DE","og_type":"article","og_title":"Reichsb\u00fcrgeraufkl\u00e4rung - Urkundendruckerei Deutsches Reich","og_description":"Sehr wichtig f\u00fcr die Menschen, die den Unterschied zwischen Reichsb\u00fcrgern und Reichs- und Staatsangeh\u00f6rigen nicht sofort erkennen k\u00f6nnen. Kurzfassung: Ab 2008 distanzieren [&hellip;]","og_url":"https:\/\/www.reichsamt.info\/jdr-druckerei\/reichsbuergeraufklaerung\/","og_site_name":"Urkundendruckerei Deutsches Reich","article_modified_time":"2024-10-19T18:45:30+00:00","twitter_card":"summary_large_image","twitter_misc":{"Gesch\u00e4tzte Lesezeit":"1\u00a0Minute"},"schema":{"@context":"https:\/\/schema.org","@graph":[{"@type":"WebPage","@id":"https:\/\/www.reichsamt.info\/jdr-druckerei\/reichsbuergeraufklaerung\/","url":"https:\/\/www.reichsamt.info\/jdr-druckerei\/reichsbuergeraufklaerung\/","name":"Reichsb\u00fcrgeraufkl\u00e4rung - Urkundendruckerei Deutsches Reich","isPartOf":{"@id":"https:\/\/www.reichsamt.info\/jdr-druckerei\/#website"},"datePublished":"2022-12-12T11:12:47+00:00","dateModified":"2024-10-19T18:45:30+00:00","breadcrumb":{"@id":"https:\/\/www.reichsamt.info\/jdr-druckerei\/reichsbuergeraufklaerung\/#breadcrumb"},"inLanguage":"de","potentialAction":[{"@type":"ReadAction","target":["https:\/\/www.reichsamt.info\/jdr-druckerei\/reichsbuergeraufklaerung\/"]}]},{"@type":"BreadcrumbList","@id":"https:\/\/www.reichsamt.info\/jdr-druckerei\/reichsbuergeraufklaerung\/#breadcrumb","itemListElement":[{"@type":"ListItem","position":1,"name":"Startseite","item":"https:\/\/www.reichsamt.info\/jdr-druckerei\/"},{"@type":"ListItem","position":2,"name":"Reichsb\u00fcrgeraufkl\u00e4rung"}]},{"@type":"WebSite","@id":"https:\/\/www.reichsamt.info\/jdr-druckerei\/#website","url":"https:\/\/www.reichsamt.info\/jdr-druckerei\/","name":"Druckerei Deutschland","description":"Bei uns erhalten sie Urkunden und Dokumente f\u00fcr Reichs- und Staatsangeh\u00f6rige und Personen die ihre Staatenlosigkeit beenden wollen.","potentialAction":[{"@type":"SearchAction","target":{"@type":"EntryPoint","urlTemplate":"https:\/\/www.reichsamt.info\/jdr-druckerei\/?s={search_term_string}"},"query-input":{"@type":"PropertyValueSpecification","valueRequired":true,"valueName":"search_term_string"}}],"inLanguage":"de"}]}},"_links":{"self":[{"href":"https:\/\/www.reichsamt.info\/jdr-druckerei\/wp-json\/wp\/v2\/pages\/2659","targetHints":{"allow":["GET"]}}],"collection":[{"href":"https:\/\/www.reichsamt.info\/jdr-druckerei\/wp-json\/wp\/v2\/pages"}],"about":[{"href":"https:\/\/www.reichsamt.info\/jdr-druckerei\/wp-json\/wp\/v2\/types\/page"}],"author":[{"embeddable":true,"href":"https:\/\/www.reichsamt.info\/jdr-druckerei\/wp-json\/wp\/v2\/users\/1"}],"replies":[{"embeddable":true,"href":"https:\/\/www.reichsamt.info\/jdr-druckerei\/wp-json\/wp\/v2\/comments?post=2659"}],"version-history":[{"count":0,"href":"https:\/\/www.reichsamt.info\/jdr-druckerei\/wp-json\/wp\/v2\/pages\/2659\/revisions"}],"wp:attachment":[{"href":"https:\/\/www.reichsamt.info\/jdr-druckerei\/wp-json\/wp\/v2\/media?parent=2659"}],"curies":[{"name":"wp","href":"https:\/\/api.w.org\/{rel}","templated":true}]}}