{"id":175,"date":"2018-04-03T15:34:52","date_gmt":"2018-04-03T13:34:52","guid":{"rendered":"https:\/\/www.reichsamt.info\/jdr-druckerei\/?page_id=175"},"modified":"2026-02-05T19:04:14","modified_gmt":"2026-02-05T18:04:14","slug":"bezahlung","status":"publish","type":"page","link":"https:\/\/www.reichsamt.info\/jdr-druckerei\/bezahlung\/","title":{"rendered":"Bezahlung"},"content":{"rendered":"<div class=\"pdfprnt-buttons pdfprnt-buttons-page pdfprnt-top-bottom-right\"><a href=\"https:\/\/www.reichsamt.info\/jdr-druckerei\/wp-json\/wp\/v2\/pages\/175?print=pdf\" class=\"pdfprnt-button pdfprnt-button-pdf\" target=\"_blank\" ><\/a><a href=\"https:\/\/www.reichsamt.info\/jdr-druckerei\/wp-json\/wp\/v2\/pages\/175?print=print\" class=\"pdfprnt-button pdfprnt-button-print\" target=\"_blank\" ><img decoding=\"async\" src=\"https:\/\/www.reichsamt.info\/jdr-druckerei\/wp-content\/plugins\/pdf-print\/images\/print.png\" alt=\"image_print\" title=\"Inhalt drucken\" \/><\/a><\/div><h1>Bezahlung &amp; Abwicklung<\/h1>\n<p><strong>Wie k\u00f6nnen Sie Ihren Auftrag bezahlen?<\/strong><\/p>\n<p align=\"center\"><strong>Entweder den Betrag \u00fcber den Postweg beiliegend zustellen oder <\/strong><strong>die Kontodaten durch Anfrage unter\u00a0folgenden Adressen: <\/strong>zentrale@reichsamt.info oder kontakt@reichsdruckerei.de <strong>zusenden lassen.<\/strong><strong><br \/>\n<\/strong><\/p>\n<p align=\"center\">Bei der Bestellungsaktivierung \u00fcber diesen Shop werden Ihnen die Kontodaten mitgeteilt.<\/p>\n<table border=\"0\" width=\"956\" align=\"center\">\n<tbody>\n<tr>\n<td colspan=\"2\" width=\"583\" height=\"35\">\n<p align=\"center\"><strong>\u00dcber die\u00a0\u00a0 nachfolgende Anschrift werden\u00a0Dokumente beantragt<br \/>\n<\/strong><\/p>\n<\/td>\n<\/tr>\n<tr>\n<td width=\"302\" height=\"97\">\n<p align=\"left\">\u00a0<strong>Unsere aktuelle <\/strong><strong>Postfach-Anschrift:<br \/>\n<\/strong> (seit 09.09.2017)<br \/>\n<em>(<\/em><em>wie nachfolgend die Anschrift verwenden)<\/em><strong><br \/>\n<\/strong><\/p>\n<p>\u00a0<strong><br \/>\nSdI. Lorenz<br \/>\nJDR-Druckerei<br \/>\nPostfach 390124<br \/>\n14091 Berlin<br \/>\n<\/strong><\/p>\n<hr \/>\n<\/td>\n<td width=\"279\" height=\"97\">\n<p align=\"left\"><a href=\"https:\/\/www.deutscher-reichsanzeiger.de\/2015\/rgbl-08-Aug-2015.htm#Nr19\">Postleitzahl des Deutschen Reiches<\/a><\/p>\n<\/td>\n<\/tr>\n<\/tbody>\n<\/table>\n<p><em>Checklist:<\/em><br \/>\nHaben Sie alles zusammen, bevor Sie Ihre Antr\u00e4ge versenden?<br \/>\n&#8211; Ihre Vollmacht zur Wiederherstellung (ist f\u00fcr die Dokumente nicht zwingend, allerdings sehr hilfreich)?<br \/>\n&#8211; Antragsformular f\u00fcr den RPA (Reichs-Personen-Ausweis)?<br \/>\n&#8211; Antragsformular f\u00fcr den Reichs- und Staatsangeh\u00f6rigkeitsausweis (Urkunde)?<br \/>\n&#8211; Antragsformular f\u00fcr Ihre Gewerbeanmeldung (wenn n\u00f6tig)?<br \/>\n&#8211; Kopie Ihrer Geburtsurkunde? Oder Abstammungsurkunde?<br \/>\n&#8211; Kopie Ihres derzeitigen F\u00fchrerscheines?<br \/>\n&#8211; Wenn Sie eine Entlassungsurkunde w\u00fcnschen, dann einfach uns in der Post mitteilen?<br \/>\nBitte senden Sie nur Kopien Ihrer pers\u00f6nlichen Dokumente an uns!<\/p>\n<p>Sollten Sie das BRD-Ade-Paket w\u00fcnschen, dann schauen Sie hier:<\/p>\n<p>https:\/\/www.reichsdruckerei.de\/produkt\/brd-ade-paket-deutschland\/<\/p>\n<p>https:\/\/vb1873.webnode.com\/products\/brd-ade-paket-deutschland\/<\/p>\n<p>https:\/\/www.vb1873.de\/webshop\/produkt\/brd-ade-paket-deutschland\/<\/p>\n<p><a href=\"https:\/\/www.uni-spik.de\/studium\/produkt\/brd-ade-paket\/\">https:\/\/www.uni-spik.de\/studium\/produkt\/brd-ade-paket\/<\/a><\/p>\n<p style=\"text-align: justify;\">Wir sind bem\u00fcht, Ihre personenbezogenen Daten durch Ergreifung aller technischen und organisatorischen M\u00f6glichkeiten so zu speichern, da\u00df sie f\u00fcr Dritte nicht zug\u00e4nglich sind. Bei der Kommunikation per E-Mail bzw. ePost kann die vollst\u00e4ndige Datensicherheit von uns nicht gew\u00e4hrleistet werden.<\/p>\n<p style=\"text-align: justify;\">Am g\u00fcnstigsten versenden Sie Ihre Unterlagen als normale Post oder h\u00f6chstens Einwurfeinschreiben, denn die Zustellung ist ebenso zuverl\u00e4ssig wie das Einschreiben. Sollten Sie in der Lage sein, die gesamten Unterlagen digital zusenden zu k\u00f6nnen, dann verwenden sie die eMail bzw. ePostadressen wie folgt:<br \/>\nzentrale@reichsamt-des-innern.de oder zentrale@reichsdruckerei.de<\/p>\n<p>*******************<\/p>\n<p style=\"text-align: justify;\">Wichtiger Hinweis: <em>Bei den derzeit angeboten sogenannten Ausweisen, so auch denen der BRD, werden falsche Postleitzahlen, falsche Adler und falsche Druckereien vorget\u00e4uscht. Zus\u00e4tzlich darf verstanden werden, da\u00df auch in einem durch Staatenlose und Terroristen regierten Gebilde, es nur eine legitime Regierung geben kann und in einem souver\u00e4nen Deutschen Reich es nur eine legitimierte und berechtigte Deutsche Reichsdruckerei gibt, sowie nur ein Reichsamt des Innern. Der Adler der Fremdverwalter wie z.B. die BRD ist der &#8222;Weimarer-Republik-Adler&#8220;, jedoch nicht der des wahren Deutschen Reiches.<\/em><\/p>\n<p style=\"text-align: right;\">Verantwortlich f\u00fcr diesen Text zeichnet sich das <a href=\"https:\/\/www.reichsamt-des-innern.de\">Reichsamt des Innern<\/a><\/p>\n<div class=\"pdfprnt-buttons pdfprnt-buttons-page pdfprnt-top-bottom-right\"><a href=\"https:\/\/www.reichsamt.info\/jdr-druckerei\/wp-json\/wp\/v2\/pages\/175?print=pdf\" class=\"pdfprnt-button pdfprnt-button-pdf\" target=\"_blank\" ><\/a><a href=\"https:\/\/www.reichsamt.info\/jdr-druckerei\/wp-json\/wp\/v2\/pages\/175?print=print\" class=\"pdfprnt-button pdfprnt-button-print\" target=\"_blank\" ><img decoding=\"async\" src=\"https:\/\/www.reichsamt.info\/jdr-druckerei\/wp-content\/plugins\/pdf-print\/images\/print.png\" alt=\"image_print\" title=\"Inhalt drucken\" \/><\/a><\/div>","protected":false},"excerpt":{"rendered":"<p>Bezahlung &amp; Abwicklung Wie k\u00f6nnen Sie Ihren Auftrag bezahlen? Entweder den Betrag \u00fcber den Postweg beiliegend zustellen oder die Kontodaten durch Anfrage [&hellip;]<\/p>\n","protected":false},"author":1,"featured_media":0,"parent":0,"menu_order":0,"comment_status":"closed","ping_status":"closed","template":"","meta":{"footnotes":""},"class_list":["post-175","page","type-page","status-publish","hentry"],"yoast_head":"<!-- This site is optimized with the Yoast SEO plugin v27.1.1 - https:\/\/yoast.com\/product\/yoast-seo-wordpress\/ -->\n<title>Bezahlung - Urkundendruckerei Deutsches Reich<\/title>\n<meta name=\"robots\" content=\"index, follow, max-snippet:-1, max-image-preview:large, max-video-preview:-1\" \/>\n<link rel=\"canonical\" href=\"https:\/\/www.reichsamt.info\/jdr-druckerei\/bezahlung\/\" \/>\n<meta property=\"og:locale\" content=\"de_DE\" \/>\n<meta property=\"og:type\" content=\"article\" \/>\n<meta property=\"og:title\" content=\"Bezahlung - Urkundendruckerei Deutsches Reich\" \/>\n<meta property=\"og:description\" content=\"Bezahlung &amp; Abwicklung Wie k\u00f6nnen Sie Ihren Auftrag bezahlen? Entweder den Betrag \u00fcber den Postweg beiliegend zustellen oder die Kontodaten durch Anfrage [&hellip;]\" \/>\n<meta property=\"og:url\" content=\"https:\/\/www.reichsamt.info\/jdr-druckerei\/bezahlung\/\" \/>\n<meta property=\"og:site_name\" content=\"Urkundendruckerei Deutsches Reich\" \/>\n<meta property=\"article:modified_time\" content=\"2026-02-05T18:04:14+00:00\" \/>\n<meta name=\"twitter:card\" content=\"summary_large_image\" \/>\n<meta name=\"twitter:label1\" content=\"Gesch\u00e4tzte Lesezeit\" \/>\n\t<meta name=\"twitter:data1\" content=\"2\u00a0Minuten\" \/>\n<script type=\"application\/ld+json\" class=\"yoast-schema-graph\">{\"@context\":\"https:\/\/schema.org\",\"@graph\":[{\"@type\":\"WebPage\",\"@id\":\"https:\/\/www.reichsamt.info\/jdr-druckerei\/bezahlung\/\",\"url\":\"https:\/\/www.reichsamt.info\/jdr-druckerei\/bezahlung\/\",\"name\":\"Bezahlung - Urkundendruckerei Deutsches Reich\",\"isPartOf\":{\"@id\":\"https:\/\/www.reichsamt.info\/jdr-druckerei\/#website\"},\"datePublished\":\"2018-04-03T13:34:52+00:00\",\"dateModified\":\"2026-02-05T18:04:14+00:00\",\"breadcrumb\":{\"@id\":\"https:\/\/www.reichsamt.info\/jdr-druckerei\/bezahlung\/#breadcrumb\"},\"inLanguage\":\"de\",\"potentialAction\":[{\"@type\":\"ReadAction\",\"target\":[\"https:\/\/www.reichsamt.info\/jdr-druckerei\/bezahlung\/\"]}]},{\"@type\":\"BreadcrumbList\",\"@id\":\"https:\/\/www.reichsamt.info\/jdr-druckerei\/bezahlung\/#breadcrumb\",\"itemListElement\":[{\"@type\":\"ListItem\",\"position\":1,\"name\":\"Startseite\",\"item\":\"https:\/\/www.reichsamt.info\/jdr-druckerei\/\"},{\"@type\":\"ListItem\",\"position\":2,\"name\":\"Bezahlung\"}]},{\"@type\":\"WebSite\",\"@id\":\"https:\/\/www.reichsamt.info\/jdr-druckerei\/#website\",\"url\":\"https:\/\/www.reichsamt.info\/jdr-druckerei\/\",\"name\":\"Druckerei Deutschland\",\"description\":\"Bei uns erhalten sie Urkunden und Dokumente f\u00fcr Reichs- und Staatsangeh\u00f6rige und Personen die ihre Staatenlosigkeit beenden wollen.\",\"potentialAction\":[{\"@type\":\"SearchAction\",\"target\":{\"@type\":\"EntryPoint\",\"urlTemplate\":\"https:\/\/www.reichsamt.info\/jdr-druckerei\/?s={search_term_string}\"},\"query-input\":{\"@type\":\"PropertyValueSpecification\",\"valueRequired\":true,\"valueName\":\"search_term_string\"}}],\"inLanguage\":\"de\"}]}<\/script>\n<!-- \/ Yoast SEO plugin. -->","yoast_head_json":{"title":"Bezahlung - Urkundendruckerei Deutsches Reich","robots":{"index":"index","follow":"follow","max-snippet":"max-snippet:-1","max-image-preview":"max-image-preview:large","max-video-preview":"max-video-preview:-1"},"canonical":"https:\/\/www.reichsamt.info\/jdr-druckerei\/bezahlung\/","og_locale":"de_DE","og_type":"article","og_title":"Bezahlung - Urkundendruckerei Deutsches Reich","og_description":"Bezahlung &amp; Abwicklung Wie k\u00f6nnen Sie Ihren Auftrag bezahlen? Entweder den Betrag \u00fcber den Postweg beiliegend zustellen oder die Kontodaten durch Anfrage [&hellip;]","og_url":"https:\/\/www.reichsamt.info\/jdr-druckerei\/bezahlung\/","og_site_name":"Urkundendruckerei Deutsches Reich","article_modified_time":"2026-02-05T18:04:14+00:00","twitter_card":"summary_large_image","twitter_misc":{"Gesch\u00e4tzte Lesezeit":"2\u00a0Minuten"},"schema":{"@context":"https:\/\/schema.org","@graph":[{"@type":"WebPage","@id":"https:\/\/www.reichsamt.info\/jdr-druckerei\/bezahlung\/","url":"https:\/\/www.reichsamt.info\/jdr-druckerei\/bezahlung\/","name":"Bezahlung - Urkundendruckerei Deutsches Reich","isPartOf":{"@id":"https:\/\/www.reichsamt.info\/jdr-druckerei\/#website"},"datePublished":"2018-04-03T13:34:52+00:00","dateModified":"2026-02-05T18:04:14+00:00","breadcrumb":{"@id":"https:\/\/www.reichsamt.info\/jdr-druckerei\/bezahlung\/#breadcrumb"},"inLanguage":"de","potentialAction":[{"@type":"ReadAction","target":["https:\/\/www.reichsamt.info\/jdr-druckerei\/bezahlung\/"]}]},{"@type":"BreadcrumbList","@id":"https:\/\/www.reichsamt.info\/jdr-druckerei\/bezahlung\/#breadcrumb","itemListElement":[{"@type":"ListItem","position":1,"name":"Startseite","item":"https:\/\/www.reichsamt.info\/jdr-druckerei\/"},{"@type":"ListItem","position":2,"name":"Bezahlung"}]},{"@type":"WebSite","@id":"https:\/\/www.reichsamt.info\/jdr-druckerei\/#website","url":"https:\/\/www.reichsamt.info\/jdr-druckerei\/","name":"Druckerei Deutschland","description":"Bei uns erhalten sie Urkunden und Dokumente f\u00fcr Reichs- und Staatsangeh\u00f6rige und Personen die ihre Staatenlosigkeit beenden wollen.","potentialAction":[{"@type":"SearchAction","target":{"@type":"EntryPoint","urlTemplate":"https:\/\/www.reichsamt.info\/jdr-druckerei\/?s={search_term_string}"},"query-input":{"@type":"PropertyValueSpecification","valueRequired":true,"valueName":"search_term_string"}}],"inLanguage":"de"}]}},"_links":{"self":[{"href":"https:\/\/www.reichsamt.info\/jdr-druckerei\/wp-json\/wp\/v2\/pages\/175","targetHints":{"allow":["GET"]}}],"collection":[{"href":"https:\/\/www.reichsamt.info\/jdr-druckerei\/wp-json\/wp\/v2\/pages"}],"about":[{"href":"https:\/\/www.reichsamt.info\/jdr-druckerei\/wp-json\/wp\/v2\/types\/page"}],"author":[{"embeddable":true,"href":"https:\/\/www.reichsamt.info\/jdr-druckerei\/wp-json\/wp\/v2\/users\/1"}],"replies":[{"embeddable":true,"href":"https:\/\/www.reichsamt.info\/jdr-druckerei\/wp-json\/wp\/v2\/comments?post=175"}],"version-history":[{"count":0,"href":"https:\/\/www.reichsamt.info\/jdr-druckerei\/wp-json\/wp\/v2\/pages\/175\/revisions"}],"wp:attachment":[{"href":"https:\/\/www.reichsamt.info\/jdr-druckerei\/wp-json\/wp\/v2\/media?parent=175"}],"curies":[{"name":"wp","href":"https:\/\/api.w.org\/{rel}","templated":true}]}}