{"id":111,"date":"2018-04-03T14:27:40","date_gmt":"2018-04-03T12:27:40","guid":{"rendered":"https:\/\/www.reichsamt.info\/jdr-druckerei\/?page_id=111"},"modified":"2025-12-02T09:45:12","modified_gmt":"2025-12-02T08:45:12","slug":"die-brd-ist-nicht-deutschland-als-ganzes","status":"publish","type":"page","link":"https:\/\/www.reichsamt.info\/jdr-druckerei\/die-brd-ist-nicht-deutschland-als-ganzes\/","title":{"rendered":"Die BRD ist nicht Deutschland"},"content":{"rendered":"<div class=\"pdfprnt-buttons pdfprnt-buttons-page pdfprnt-top-bottom-right\"><a href=\"https:\/\/www.reichsamt.info\/jdr-druckerei\/wp-json\/wp\/v2\/pages\/111?print=pdf\" class=\"pdfprnt-button pdfprnt-button-pdf\" target=\"_blank\" ><\/a><a href=\"https:\/\/www.reichsamt.info\/jdr-druckerei\/wp-json\/wp\/v2\/pages\/111?print=print\" class=\"pdfprnt-button pdfprnt-button-print\" target=\"_blank\" ><img decoding=\"async\" src=\"https:\/\/www.reichsamt.info\/jdr-druckerei\/wp-content\/plugins\/pdf-print\/images\/print.png\" alt=\"image_print\" title=\"Inhalt drucken\" \/><\/a><\/div><blockquote><p><strong>Bestellung \u00fcber unseren Shop<\/strong> (<em>ohne Antrag und Dokumente ist die Bestellung auf Wartestellung<\/em>)<\/p><\/blockquote>\n<p>Es darf verstanden werden, da\u00df die BRD und ihre Vasallen nur das tut, was sie darf, darum macht es aus deren Sicht Sinn, die Deutschen im &#8222;Vereinigten Wirtschaftsgebiet&#8220; als Staatenlose und Rechtlose zu f\u00fchren. Die Folge daraus (so meint die BRD) ist, da\u00df deren Handlungen aus der Privathaftung sind. Da t\u00e4uscht sich allerdings der Vasall, denn das Deutsche Reich hat sich geordnet und l\u00e4\u00dft \u00fcber den <a title=\"Amtsblatt Deutscher Reichsanzeiger\" href=\"https:\/\/www.deutscher-reichsanzeiger.de\"><strong>Deutschen Reichsanzeiger<\/strong><\/a> mit Geduld und Sorgfalt gr\u00fc\u00dfen<\/p>\n<p>Zitat des &#8222;<em>Bayrischen Freistaats-Ministerium&#8220;<\/em> des Inneren.<br \/>\n<em>&#8222;Die deutsche Staatsangeh\u00f6rigkeit kann durch eine Staatsangeh\u00f6rigkeitsurkunde<\/em><br \/>\n<em>(Staatsangeh\u00f6rigkeitsausweis) nachgewiesen werden. Sie wird auf Antrag von der Staatsangeh\u00f6rigkeitsbeh\u00f6rde ausgestellt. Der Bundespersonalausweis oder der deutsche Reisepa\u00df sind kein Nachweis \u00fcber den Besitz der deutschen Staatsangeh\u00f6rigkeit. Sie begr\u00fcnden lediglich die Vermutung, da\u00df der Ausweisinhaber die deutsche Staatsangeh\u00f6rigkeit besitzt.&#8220;<\/em><br \/>\n<strong>Achtung: Alle Urkunden und Ausweise durch Beh\u00f6rden der BRD sind (reichsrechtlich) nichtig und eine T\u00e4uschung.<\/strong><\/p>\n<p>Die T\u00e4uschungen der BRD sind auch im aktuellen StAG zu finden. Wer lesen kann, ist im Vorteil!<\/p>\n<p>Selbst in den Menschenrechten der UN (oktroyierte Treuhand) ist dies verankert:<br \/>\nResolution 217 A (III) der Generalversammlung vom 10. Dezember 1948<br \/>\nAllgemeine Erkl\u00e4rung der Menschenrechte<br \/>\nArtikel 15<br \/>\n1. Jeder hat das Recht auf eine Staatsangeh\u00f6rigkeit.<br \/>\n2. Niemandem darf seine Staatsangeh\u00f6rigkeit willk\u00fcrlich entzogen noch das Recht versagt werden, seine Staatsangeh\u00f6rigkeit zu wechseln.<\/p>\n<p>Dies bekr\u00e4ftigte ebenfalls das sogenannte <em>Bundesverfassungsgericht<\/em> durch das Urteil<\/p>\n<p>Leits\u00e4tze zum Urteil des zweiten Senats vom 25. Juli 2012<br \/>\n2 BvF 3\/11 &#8211; 2 BvR 2670\/11 &#8211; 2 BvE 9\/11 &#8211;<br \/>\n<a href=\"https:\/\/www.bundesverfassungsgericht.de\/SharedDocs\/Entscheidungen\/DE\/2012\/07\/fs20120725_2bvf000311.html\" target=\"_blank\" rel=\"noopener noreferrer\">https:\/\/www.bundesverfassungsgericht.de\/&#8230;<\/a><br \/>\nWas bekr\u00e4ftigt, da\u00df r\u00fcckwirkend seit 1952 keine gesetzgebenden Organe am Werk waren und sind, und somit jede Rechtsprechung und \u00c4nderung als <strong>nichtig<\/strong> und ung\u00fcltig anzusehen sind.<\/p>\n<p>Ebenfalls die Urteile: 1. Das Deutsche Reich existiert fort siehe Urteil des BVerfGE 2, 266 [277]; 3, 288 [319 f.]; 5, 85 [126]; 6, 309 [336, 363] 3.Gesetze ohne Geltungsbereich besitzen keine G\u00fcltigkeit und Rechtskraft. (vgl. BverwGE 17, 192=DVBI 1964, 147) (BverGE 3, 288(319f.):6, 309 (338,363))<br \/>\n<strong>Dieser Mangel wurde durch den Bundesrath und den Volks- Reichstag seit 2009<\/strong> <strong>behoben<\/strong>!<\/p>\n<p>Siehe Art. 146 GG (oktroyierte Grundgesetz)<br \/>\n<em>&#8222;Dieses Grundgesetz, <strong>das nach Vollendung der Einheit und Freiheit Deutschlands f\u00fcr das gesamte deutsche Volk gilt<\/strong>, verliert seine G\u00fcltigkeit an dem Tage, an dem eine Verfassung in Kraft tritt, die von dem deutschen Volke in freier Entscheidung beschlossen worden ist.<\/em>&#8220; (nicht wird und beschlossen hei\u00dft nicht gegeben!) Das kann nur die Verfassung von 1871 sein!<\/p>\n<p><strong>Der Art. 116 des oktroyierten GG l\u00e4\u00dft nur vermuten, da\u00df Sie ein Deutscher sind. Somit kann die BRD durch die Verantwortungslosigkeit der Heimatdeutschen, sogenannten Einb\u00fcrgerungen durchf\u00fchren?<\/strong><\/p>\n<p>Das oktroyierte GG beruft sich offenkundig auf die Weimarer Verfassung von 1919!<br \/>\n<strong>Die oktroyierte Weimarer Verfassung ist ein Erm\u00e4chtigungsgesetz des &#8222;auserw\u00e4hlten Volkes&#8220;!<\/strong><br \/>\n<a href=\"http:\/\/www.gesetze-im-internet.de\/gg\/art_140.html\" target=\"_blank\" rel=\"noopener noreferrer\">http:\/\/www.gesetze-im-internet.de\/gg\/art_140.html<\/a><\/p>\n<p><em>Grundgesetz f\u00fcr die Bundesrepublik Deutschland<\/em><br \/>\n<em>Art 140. Die Bestimmungen der Artikel 136, 137, 138, 139 und 141 der deutschen Verfassung vom 11. August 1919 sind Bestandteil dieses Grundgesetzes.<\/em><\/p>\n<p>Diese oktroyierte Weimarer Verfassung besagt aber:<\/p>\n<p><strong>Konkurrierende Gesetzgebung<\/strong><br \/>\n<a href=\"http:\/\/de.wikipedia.org\/wiki\/Konkurrierende_Gesetzgebung\" target=\"_blank\" rel=\"noopener noreferrer\">http:\/\/de.wikipedia.org\/wiki\/Konkurriere&#8230;<\/a><br \/>\nArtikel 31 der BRD <strong>Bundesrecht bricht Landesrecht<\/strong><br \/>\nArtikel 13 der Weimarer Verfassung <strong>Reichsrecht bricht Landesrecht<\/strong><br \/>\nArtikel 2 der Deutschen Reichsverfassung<strong> Reichsgesetze gehen den Landesgesetzen vor.<\/strong><br \/>\nWenn also das Reich ein Gesetz wie z.B. \u00a7 203 StGB in Kraft gesetzt hat, dann kann die BRD, da sie im Geltungsbereich des Deutschen Reiches handelt, nicht einen gleichnamigen \u00a7 203 StGB mit anderem Text anwenden. Hier geht eindeutig Reichsrecht vor Landesrecht. Die BRD kann h\u00f6chstens Landesrecht betreiben, da das Deutsche Reich die \u00fcbergeordnete Ordnung ist, gilt der Text des Reiches.<br \/>\nW\u00e4re die Weimarer Verfassung z.B. die richtige, dann h\u00e4tten wir die gleiche Situation, da die WRV in Artikel 178 Absatz 2 folgendes in Kraft h\u00e4lt. Zitat: &#8222;Die \u00fcbrigen Gesetze und Verordnungen des Reichs bleiben in Kraft,&#8230;&#8220;\u00a0 und mit Artikel 13 den damaligen Kaiserreichsgesetzen das Vorrecht erteilt hat.<\/p>\n<p>Die folgende Liste zeigt ihnen wie der geschichtliche Ablauf war und wir sollten nicht \u00c4pfel mit Birnen vergleichen<\/p>\n<p>Geschichtlicher Ablauf der Reichsangeh\u00f6rigkeit von 1870 bis 1913<br \/>\n1870 BuStAG Inland (Bundesstaatsangeh\u00f6riger)<br \/>\n<strong><a title=\"Indigenat aus der Reichsverfassung\" href=\"http:\/\/www.verfassung-deutschland.de\/#Artikel2\">1871 RuStAG durch Artikel 2 der Reichsverfassung<\/a><\/strong><br \/>\n1884 Erwerb von Kolonien bis 1888<br \/>\n1906 Die Staatsangeh\u00f6rigkeit in den Kolonien erl\u00e4utert von Dr. Herbert Hauschild<br \/>\n1906 Die Reichs- und Staatsangeh\u00f6rigkeit als Grundlage des RG v. 1.6.1870<br \/>\n<strong>1913 RuStAG zu finden unter: <a title=\"Aktuelles Reichs- und Staatsangeh\u00f6rigkeitsgesetz\" href=\"http:\/\/deutscher-reichsanzeiger.de\/rgbl\/rustag-1913\/\">http:\/\/deutscher-reichsanzeiger.de\/rgbl\/RuStAG-1913\/<\/a><\/strong><br \/>\n<strong>\u00a71. Deutscher ist, wer die Staatsangeh\u00f6rigkeit in einem Bundesstaat <\/strong><strong>oder die unmittelbare Reichsangeh\u00f6rigkeit besitzt.<\/strong><\/p>\n<p>Was nachfolgend erl\u00e4utert wird, ist <strong>nichtig<\/strong> und gilt nur fr\u00fch das staatenlose BRD-Personal, allerdings nicht f\u00fcr die Reichs- und Staatsangeh\u00f6rigen, da dieses nur Handlungen von Fremdverwaltungen waren. Es soll nur dem Verst\u00e4ndnis dienen.<\/p>\n<p><em>RoStAG Doppelte Staatsangeh\u00f6rigkeit 1913 RuStAG 1913 erl\u00e4utert von Hermann Weck<\/em><br \/>\n<em> Staatsangeh\u00f6rigkeit<\/em><br \/>\n<em> Reichsangeh\u00f6rigkeit<\/em><br \/>\n<em> Unmittelbare Reichsangeh\u00f6rigkeit<\/em><br \/>\n<em> Die drei Begriffe kann man nur verstehen, wenn man die Grundlagen der deutschen Staatsverfassung kennt. Diese Grundlagen sind f\u00fcr den Rechts unkundigen nicht leicht zu erfassen. Sie weichen von den im Volke herrschenden Vorstellungen erheblich ab.<\/em><br \/>\n<em> 1928, Das deutsche Staatsangeh\u00f6rigkeitsrecht erl\u00e4utert von Dr. Walter Sch\u00e4tzel<\/em><br \/>\n<em> 5. Mittelbare und unmittelbare Reichsangeh\u00f6rigkeit<\/em><br \/>\n<em> Das StAngG. von 1870 kannte nur die mittelbare Reichsangeh\u00f6rigkeit. Die unmittelbare RAng. ist ein Produkt der ausw\u00e4rtigen und kolonialen Ausdehnung des Reiches. Sie ist trotz des Verlustes des deutschen Kolonialreiches nicht von selbst fortgefallen.<\/em><br \/>\n<em> Die deutsche Staatsangeh\u00f6rigkeit wurde am 14.07.1933 beschlossen und sprachlich<\/em><br \/>\n<em> eingef\u00fchrt. RGBl. I S 480. Sie wurde diktatorisch (Faschismus) und unter Zwang eingef\u00fchrt und verordnet. RGBl. I S 85<\/em><br \/>\n<em> 1934 Verordnung \u00fcber die deutsche Staatsangeh\u00f6rigkeit v. 05.02.1934<\/em><br \/>\n<em> Es gibt nur noch eine deutsche Staatsangeh\u00f6rigkeit (Reichsangeh\u00f6rigkeit) R = StAG Auflage 1936 Neues Staatsrecht Seite \u2013 54 II 1. a) R = StAG<\/em><br \/>\n<em> Die Reichsangeh\u00f6rigkeit wird unmittelbar als deutsche Staatsangeh\u00f6rigkeit erworben.<\/em><br \/>\n<em> 1946 Amtsblatt f\u00fcr Schleswig-Holstein Anordnung der Milit\u00e4rregierung Seite 23\/24<\/em><br \/>\n<em> G\u00fcltigkeit der deutschen Staatsangeh\u00f6rigkeit. Die Zwangsangeh\u00f6rigkeit bleibt bestehen.<\/em><br \/>\n<em> 1949 Grundgesetz f\u00fcr die BRD<\/em><br \/>\n<em> Art. 16 Die deutsche Staatsangeh\u00f6rigkeit darf nicht entzogen werden.<\/em><br \/>\n<em> 1959 BGBl. Teil III Nicht amtlicher Teil<\/em><br \/>\n<em> 100 1 Grundgesetz f\u00fcr die BRD 23.05.1949<\/em><br \/>\n<em> 102 1 RuStAG 1913<\/em><br \/>\n<em> 102 2 R =StAG 1934<\/em><br \/>\n<em> 102 3 Verleihung der d. StAng. entscheiden die Einb\u00fcrgerungsbeh\u00f6rden 1935<\/em><br \/>\n<em> 1999 Gesetz zur Reform des Staatsangeh\u00f6rigkeitsrechts BGBl. I Nr. 38<\/em><br \/>\n<em> BGBl. Teil III<\/em><br \/>\n<em> 102 1 RuStAG 1913 bereinigt StAG 1913<\/em><br \/>\n<em> 2010 Staatsangeh\u00f6rigkeitsgesetz (StAG 1913) BGBl. I S. 1864<\/em><br \/>\n<em> BGBl. Teil III<\/em><br \/>\n<em> 102 2 R = StAG 1934 Reichsangeh\u00f6rigkeit = unmittelbare deutsche<\/em><br \/>\n<em> Staatsangeh\u00f6rigkeit, ist beseitigt<\/em><br \/>\n<em> 102 1 StAG 1913 unmittelbare deutsche Staatsangeh\u00f6rigkeit?<\/em><br \/>\n<em> \u00a7 1 Deutscher im Sinne dieses Gesetzes ist, wer die deutsche Staatsangeh\u00f6rigkeit besitzt.<\/em><br \/>\n<em> \u00a7 1 Deutscher im Sinne dieses Gesetzes ist, wer die Staatenlosigkeit besitzt.<\/em><br \/>\n<em> Glaubhaftmachung der deutschen Staatsangeh\u00f6rigkeit<\/em><br \/>\n<em> Reisepass \/ BPA Staatsangeh\u00f6rigkeit DEUTSCH Glaubhaftmachung = Wahrscheinlichkeit<\/em><br \/>\n<em> Ab 1934 Nazi-Staatsangeh\u00f6rigkeit 08.12.2010 Staatenlos<\/em><br \/>\n<em> 08.12.2010 BRD Staatsangeh\u00f6rigkeitsausweis?<\/em><br \/>\n<em> Ab dem 08.12.2010 ist jeder Deutscher staatenlos.<\/em><\/p>\n<p style=\"text-align: justify;\"><strong>Und was haben Staatenlose f\u00fcr Rechte? &#8211; Keine! Deshalb gibt es auch keine Entm\u00fcndigungen in der BRD mehr, da man sie alle bereits entm\u00fcndigt hat! Und unter Betreuung stehen sie auch.<br \/>\n<\/strong><\/p>\n<p><em>Das aktuelle StAG verr\u00e4t sich schon durch den Link selbst! (\/rustag\/)<\/em><br \/>\n<em> Zuletzt ge\u00e4ndert durch Art. 1 G v. 13.11.2014 I 1714 <\/em><br \/>\n<em> Ausfertigungsdatum: 22.07.1913 zu der Zeit gab es die BRD noch gar nicht!<\/em><br \/>\n<em> Wozu diese nicht berechtigt sind!<\/em><\/p>\n<p><em> Die Entstehung der BRD ist zu finden in der Milit\u00e4rregierung &#8211; Deutschland<\/em><br \/>\n<em> Amerikanische Zone Proklamation Nr. 2 vom 19. September 1945<\/em><\/p>\n<p style=\"text-align: justify;\"><strong>Nochmal zum besseren Verst\u00e4ndnis: Die BRD war und wird nie ein Staat werden, da sie das &#8222;Vereinigte Wirtschaftsgebiet&#8220; ist. Die BRD hatte nie und wird auch nie staatlich anerkannte Beamten und Bedienstete haben, somit sind Amtsausweise, Dienstausweise, Urkunden aller Art, Antr\u00e4ge, Steuererhebungen, Geb\u00fchrenerhebungen, Gewerbeanmeldungen, Einb\u00fcrgerungen, \u00c4mter und Beh\u00f6rden also alle Handlungen nichtig und illegal &#8211; es haftet immer der T\u00e4ter, auch dann, wenn er es noch nicht glauben will, denn alle BRD-Vasallen sind Staats-Terroristen.<\/strong><\/p>\n<p style=\"text-align: justify;\">*******************<\/p>\n<p style=\"text-align: justify;\">Wichtiger Hinweis: <em>Bei den derzeit angeboten sogenannten Ausweisen, so auch denen der BRD, werden falsche Postleitzahlen, falsche Adler und falsche Druckereien vorget\u00e4uscht. Zus\u00e4tzlich darf verstanden werden, da\u00df auch in einem durch Staatenlose und Terroristen regierten Gebilde, es nur eine legitime Regierung geben kann und in einem souver\u00e4nen Deutschen Reich es nur eine legitimierte und berechtigte Deutsche Reichsdruckerei gibt, sowie nur ein Reichsamt des Innern. Der Adler der Fremdverwalter wie z.B. die BRD ist der &#8222;Weimarer-Republik-Adler&#8220;, jedoch nicht der des wahren Deutschen Reiches.<\/em><\/p>\n<p>&nbsp;<\/p>\n<p>Verantwortlich f\u00fcr diesen Text zeichnet sich das <a href=\"http:\/\/www.reichsamt-des-innern.de\">Reichsamt des Innern<\/a><\/p>\n<div class=\"pdfprnt-buttons pdfprnt-buttons-page pdfprnt-top-bottom-right\"><a href=\"https:\/\/www.reichsamt.info\/jdr-druckerei\/wp-json\/wp\/v2\/pages\/111?print=pdf\" class=\"pdfprnt-button pdfprnt-button-pdf\" target=\"_blank\" ><\/a><a href=\"https:\/\/www.reichsamt.info\/jdr-druckerei\/wp-json\/wp\/v2\/pages\/111?print=print\" class=\"pdfprnt-button pdfprnt-button-print\" target=\"_blank\" ><img decoding=\"async\" src=\"https:\/\/www.reichsamt.info\/jdr-druckerei\/wp-content\/plugins\/pdf-print\/images\/print.png\" alt=\"image_print\" title=\"Inhalt drucken\" \/><\/a><\/div>","protected":false},"excerpt":{"rendered":"<p>Bestellung \u00fcber unseren Shop (ohne Antrag und Dokumente ist die Bestellung auf Wartestellung) Es darf verstanden werden, da\u00df die BRD und ihre [&hellip;]<\/p>\n","protected":false},"author":1,"featured_media":0,"parent":0,"menu_order":0,"comment_status":"closed","ping_status":"closed","template":"","meta":{"footnotes":""},"class_list":["post-111","page","type-page","status-publish","hentry"],"yoast_head":"<!-- This site is optimized with the Yoast SEO plugin v27.1.1 - https:\/\/yoast.com\/product\/yoast-seo-wordpress\/ -->\n<title>Die BRD ist nicht Deutschland - Urkundendruckerei Deutsches Reich<\/title>\n<meta name=\"robots\" content=\"index, follow, max-snippet:-1, max-image-preview:large, max-video-preview:-1\" \/>\n<link rel=\"canonical\" href=\"https:\/\/www.reichsamt.info\/jdr-druckerei\/die-brd-ist-nicht-deutschland-als-ganzes\/\" \/>\n<meta property=\"og:locale\" content=\"de_DE\" \/>\n<meta property=\"og:type\" content=\"article\" \/>\n<meta property=\"og:title\" content=\"Die BRD ist nicht Deutschland - Urkundendruckerei Deutsches Reich\" \/>\n<meta property=\"og:description\" content=\"Bestellung \u00fcber unseren Shop (ohne Antrag und Dokumente ist die Bestellung auf Wartestellung) Es darf verstanden werden, da\u00df die BRD und ihre [&hellip;]\" \/>\n<meta property=\"og:url\" content=\"https:\/\/www.reichsamt.info\/jdr-druckerei\/die-brd-ist-nicht-deutschland-als-ganzes\/\" \/>\n<meta property=\"og:site_name\" content=\"Urkundendruckerei Deutsches Reich\" \/>\n<meta property=\"article:modified_time\" content=\"2025-12-02T08:45:12+00:00\" \/>\n<meta name=\"twitter:card\" content=\"summary_large_image\" \/>\n<meta name=\"twitter:label1\" content=\"Gesch\u00e4tzte Lesezeit\" \/>\n\t<meta name=\"twitter:data1\" content=\"8\u00a0Minuten\" \/>\n<script type=\"application\/ld+json\" class=\"yoast-schema-graph\">{\"@context\":\"https:\/\/schema.org\",\"@graph\":[{\"@type\":\"WebPage\",\"@id\":\"https:\/\/www.reichsamt.info\/jdr-druckerei\/die-brd-ist-nicht-deutschland-als-ganzes\/\",\"url\":\"https:\/\/www.reichsamt.info\/jdr-druckerei\/die-brd-ist-nicht-deutschland-als-ganzes\/\",\"name\":\"Die BRD ist nicht Deutschland - Urkundendruckerei Deutsches Reich\",\"isPartOf\":{\"@id\":\"https:\/\/www.reichsamt.info\/jdr-druckerei\/#website\"},\"datePublished\":\"2018-04-03T12:27:40+00:00\",\"dateModified\":\"2025-12-02T08:45:12+00:00\",\"breadcrumb\":{\"@id\":\"https:\/\/www.reichsamt.info\/jdr-druckerei\/die-brd-ist-nicht-deutschland-als-ganzes\/#breadcrumb\"},\"inLanguage\":\"de\",\"potentialAction\":[{\"@type\":\"ReadAction\",\"target\":[\"https:\/\/www.reichsamt.info\/jdr-druckerei\/die-brd-ist-nicht-deutschland-als-ganzes\/\"]}]},{\"@type\":\"BreadcrumbList\",\"@id\":\"https:\/\/www.reichsamt.info\/jdr-druckerei\/die-brd-ist-nicht-deutschland-als-ganzes\/#breadcrumb\",\"itemListElement\":[{\"@type\":\"ListItem\",\"position\":1,\"name\":\"Startseite\",\"item\":\"https:\/\/www.reichsamt.info\/jdr-druckerei\/\"},{\"@type\":\"ListItem\",\"position\":2,\"name\":\"Die BRD ist nicht Deutschland\"}]},{\"@type\":\"WebSite\",\"@id\":\"https:\/\/www.reichsamt.info\/jdr-druckerei\/#website\",\"url\":\"https:\/\/www.reichsamt.info\/jdr-druckerei\/\",\"name\":\"Druckerei Deutschland\",\"description\":\"Bei uns erhalten sie Urkunden und Dokumente f\u00fcr Reichs- und Staatsangeh\u00f6rige und Personen die ihre Staatenlosigkeit beenden wollen.\",\"potentialAction\":[{\"@type\":\"SearchAction\",\"target\":{\"@type\":\"EntryPoint\",\"urlTemplate\":\"https:\/\/www.reichsamt.info\/jdr-druckerei\/?s={search_term_string}\"},\"query-input\":{\"@type\":\"PropertyValueSpecification\",\"valueRequired\":true,\"valueName\":\"search_term_string\"}}],\"inLanguage\":\"de\"}]}<\/script>\n<!-- \/ Yoast SEO plugin. -->","yoast_head_json":{"title":"Die BRD ist nicht Deutschland - Urkundendruckerei Deutsches Reich","robots":{"index":"index","follow":"follow","max-snippet":"max-snippet:-1","max-image-preview":"max-image-preview:large","max-video-preview":"max-video-preview:-1"},"canonical":"https:\/\/www.reichsamt.info\/jdr-druckerei\/die-brd-ist-nicht-deutschland-als-ganzes\/","og_locale":"de_DE","og_type":"article","og_title":"Die BRD ist nicht Deutschland - Urkundendruckerei Deutsches Reich","og_description":"Bestellung \u00fcber unseren Shop (ohne Antrag und Dokumente ist die Bestellung auf Wartestellung) Es darf verstanden werden, da\u00df die BRD und ihre [&hellip;]","og_url":"https:\/\/www.reichsamt.info\/jdr-druckerei\/die-brd-ist-nicht-deutschland-als-ganzes\/","og_site_name":"Urkundendruckerei Deutsches Reich","article_modified_time":"2025-12-02T08:45:12+00:00","twitter_card":"summary_large_image","twitter_misc":{"Gesch\u00e4tzte Lesezeit":"8\u00a0Minuten"},"schema":{"@context":"https:\/\/schema.org","@graph":[{"@type":"WebPage","@id":"https:\/\/www.reichsamt.info\/jdr-druckerei\/die-brd-ist-nicht-deutschland-als-ganzes\/","url":"https:\/\/www.reichsamt.info\/jdr-druckerei\/die-brd-ist-nicht-deutschland-als-ganzes\/","name":"Die BRD ist nicht Deutschland - Urkundendruckerei Deutsches Reich","isPartOf":{"@id":"https:\/\/www.reichsamt.info\/jdr-druckerei\/#website"},"datePublished":"2018-04-03T12:27:40+00:00","dateModified":"2025-12-02T08:45:12+00:00","breadcrumb":{"@id":"https:\/\/www.reichsamt.info\/jdr-druckerei\/die-brd-ist-nicht-deutschland-als-ganzes\/#breadcrumb"},"inLanguage":"de","potentialAction":[{"@type":"ReadAction","target":["https:\/\/www.reichsamt.info\/jdr-druckerei\/die-brd-ist-nicht-deutschland-als-ganzes\/"]}]},{"@type":"BreadcrumbList","@id":"https:\/\/www.reichsamt.info\/jdr-druckerei\/die-brd-ist-nicht-deutschland-als-ganzes\/#breadcrumb","itemListElement":[{"@type":"ListItem","position":1,"name":"Startseite","item":"https:\/\/www.reichsamt.info\/jdr-druckerei\/"},{"@type":"ListItem","position":2,"name":"Die BRD ist nicht Deutschland"}]},{"@type":"WebSite","@id":"https:\/\/www.reichsamt.info\/jdr-druckerei\/#website","url":"https:\/\/www.reichsamt.info\/jdr-druckerei\/","name":"Druckerei Deutschland","description":"Bei uns erhalten sie Urkunden und Dokumente f\u00fcr Reichs- und Staatsangeh\u00f6rige und Personen die ihre Staatenlosigkeit beenden wollen.","potentialAction":[{"@type":"SearchAction","target":{"@type":"EntryPoint","urlTemplate":"https:\/\/www.reichsamt.info\/jdr-druckerei\/?s={search_term_string}"},"query-input":{"@type":"PropertyValueSpecification","valueRequired":true,"valueName":"search_term_string"}}],"inLanguage":"de"}]}},"_links":{"self":[{"href":"https:\/\/www.reichsamt.info\/jdr-druckerei\/wp-json\/wp\/v2\/pages\/111","targetHints":{"allow":["GET"]}}],"collection":[{"href":"https:\/\/www.reichsamt.info\/jdr-druckerei\/wp-json\/wp\/v2\/pages"}],"about":[{"href":"https:\/\/www.reichsamt.info\/jdr-druckerei\/wp-json\/wp\/v2\/types\/page"}],"author":[{"embeddable":true,"href":"https:\/\/www.reichsamt.info\/jdr-druckerei\/wp-json\/wp\/v2\/users\/1"}],"replies":[{"embeddable":true,"href":"https:\/\/www.reichsamt.info\/jdr-druckerei\/wp-json\/wp\/v2\/comments?post=111"}],"version-history":[{"count":0,"href":"https:\/\/www.reichsamt.info\/jdr-druckerei\/wp-json\/wp\/v2\/pages\/111\/revisions"}],"wp:attachment":[{"href":"https:\/\/www.reichsamt.info\/jdr-druckerei\/wp-json\/wp\/v2\/media?parent=111"}],"curies":[{"name":"wp","href":"https:\/\/api.w.org\/{rel}","templated":true}]}}