{"id":100,"date":"2018-04-03T14:05:15","date_gmt":"2018-04-03T12:05:15","guid":{"rendered":"https:\/\/www.reichsamt.info\/jdr-druckerei\/?page_id=100"},"modified":"2026-02-05T19:00:39","modified_gmt":"2026-02-05T18:00:39","slug":"voelkerrechtliche-legitimation","status":"publish","type":"page","link":"https:\/\/www.reichsamt.info\/jdr-druckerei\/voelkerrechtliche-legitimation\/","title":{"rendered":"V\u00f6lkerrechtliche Legitimation"},"content":{"rendered":"<div class=\"pdfprnt-buttons pdfprnt-buttons-page pdfprnt-top-bottom-right\"><a href=\"https:\/\/www.reichsamt.info\/jdr-druckerei\/wp-json\/wp\/v2\/pages\/100?print=pdf\" class=\"pdfprnt-button pdfprnt-button-pdf\" target=\"_blank\" ><\/a><a href=\"https:\/\/www.reichsamt.info\/jdr-druckerei\/wp-json\/wp\/v2\/pages\/100?print=print\" class=\"pdfprnt-button pdfprnt-button-print\" target=\"_blank\" ><img decoding=\"async\" src=\"https:\/\/www.reichsamt.info\/jdr-druckerei\/wp-content\/plugins\/pdf-print\/images\/print.png\" alt=\"image_print\" title=\"Inhalt drucken\" \/><\/a><\/div><div>\n<p align=\"left\"><strong><a href=\"http:\/\/deutscher-reichsanzeiger.de\/daten\/Meine-Schritte-zum-Staatsangehoerigen.pdf\" target=\"_blank\" rel=\"noopener noreferrer\">Amtsblatt &#8211; Meine Schritte zum souver\u00e4nen Staatsangeh\u00f6rigen<\/a><\/strong><\/p>\n<p style=\"text-align: justify;\" align=\"left\">Die <strong>Reichsdruckerei<\/strong> war eine unmittelbare <a title=\"Reichsanstalt\" href=\"http:\/\/de.wikipedia.org\/wiki\/Reichsanstalt\">Reichsanstalt<\/a> in <a title=\"Berlin\" href=\"http:\/\/de.wikipedia.org\/wiki\/Berlin\">Berlin<\/a> unter der obersten Leitung des <a title=\"Staatssekret\u00e4r\" href=\"http:\/\/de.wikipedia.org\/wiki\/Staatssekret%C3%A4r\">Staatssekret\u00e4rs<\/a> des <a title=\"Reichspostamt\" href=\"http:\/\/de.wikipedia.org\/wiki\/Reichspostamt\">Reichspostamtes<\/a>. Sie entstand am 1. April 1879 durch Vereinigung der 1852 gegr\u00fcndeten <em><a class=\"new\" title=\"K\u00f6niglich preu\u00dfische Staatsdruckerei (Seite nicht vorhanden)\" href=\"http:\/\/de.wikipedia.org\/w\/index.php?title=K%C3%B6niglich_preu%C3%9Fische_Staatsdruckerei&amp;action=edit&amp;redlink=1\">K\u00f6niglich preu\u00dfischen Staatsdruckerei<\/a><\/em> mit der <em><a title=\"Rudolf Ludwig Decker\" href=\"http:\/\/de.wikipedia.org\/wiki\/Rudolf_Ludwig_Decker\">K\u00f6niglich Geheimen Oberhofbuchdruckerei von Decker<\/a><\/em>. Der offizielle Gr\u00fcndungstag der Reichsdruckerei war der 6. Juli 1879.<\/p>\n<p style=\"text-align: justify;\" align=\"left\">Sie war im Allgemeinen nur zu unmittelbaren Zwecken des <a title=\"Deutsches Reich\" href=\"https:\/\/www.das-deutsche-reich.de\">Deutschen Reiches<\/a> und der Bundesstaaten bestimmt, arbeitete aber auch f\u00fcr Kommunalbeh\u00f6rden, <a title=\"Korporation\" href=\"http:\/\/de.wikipedia.org\/wiki\/Korporation\">Korporationen<\/a> und in gewissen F\u00e4llen selbst f\u00fcr Privatpersonen.<\/p>\n<p align=\"left\">Ihre Hauptt\u00e4tigkeit besteht in der Herstellung von <a title=\"Reichskassenschein\" href=\"http:\/\/de.wikipedia.org\/wiki\/Reichskassenschein\"><br \/>\nReichskassenscheinen<\/a><a class=\"mw-redirect\" title=\"Goldmark\" href=\"http:\/\/de.wikipedia.org\/wiki\/Goldmark\"><br \/>\nReichsbanknoten<\/a><a class=\"mw-redirect\" title=\"Schuldverschreibung\" href=\"http:\/\/de.wikipedia.org\/wiki\/Schuldverschreibung\"><br \/>\nSchuldverschreibungen<\/a><a title=\"Postwertzeichen\" href=\"http:\/\/de.wikipedia.org\/wiki\/Postwertzeichen\"><br \/>\nPostwertzeichen<\/a><br \/>\nReichspersonenausweise<br \/>\nReichs- und Staatsangeh\u00f6rigkeitsausweise<br \/>\nReichs- und Staatsangeh\u00f6rigkeitsurkunden<br \/>\nReichs-Fahrerlaubnisse<br \/>\n<strong>Reichs-Amtsausweise<\/strong><br \/>\nReichs-Gewerbeanmeldungen<br \/>\nReichs-Dienstausweise<br \/>\nPRESSEAUSWEISE<br \/>\nWechselstempelzeichen und anderen Marken und geldwerten Papieren.<br \/>\nFerner druckt sie <a title=\"Gesetzblatt\" href=\"http:\/\/de.wikipedia.org\/wiki\/Gesetzblatt\">Verordnungsbl\u00e4tter<\/a>, Gesetzesbl\u00e4tter und amtliche Werke (u.\u00a0a. das <a title=\"Kursbuch\" href=\"http:\/\/de.wikipedia.org\/wiki\/Kursbuch\">Reichskursbuch<\/a> und <a title=\"Patentschrift\" href=\"http:\/\/de.wikipedia.org\/wiki\/Patentschrift\">Patentschriften<\/a>).<br \/>\nHerausgabe der Reichsgesetze per <a href=\"https:\/\/www.deutscher-reichsanzeiger.de\">https:\/\/www.deutscher-reichsanzeiger.de<\/a><\/p>\n<blockquote>\n<p align=\"left\"><strong>Bestellung \u00fcber unseren Shop<\/strong> (<em>ohne Antrag und Dokumente ist die Bestellung auf Wartestellung<\/em>)<\/p>\n<\/blockquote>\n<p style=\"text-align: justify;\" align=\"left\"><strong>Geschichte der Reichsdruckerei<\/strong><br \/>\nDie <a href=\"http:\/\/de.wikipedia.org\/wiki\/Reichsdruckerei\">Reichsdruckerei <\/a>wurde am 6. Juli 1879 in der Kreuzberger <a title=\"Oranienstra\u00dfe\" href=\"http:\/\/de.wikipedia.org\/wiki\/Oranienstra%C3%9Fe\">Oranienstra\u00dfe<\/a>\u00a091 gegr\u00fcndet. Sie ging seinerzeit aus zwei Druckereien hervor, die auf Initiative des damaligen General-Postmeisters <a title=\"Heinrich von Stephan\" href=\"http:\/\/de.wikipedia.org\/wiki\/Heinrich_von_Stephan\">Heinrich von Stephan<\/a> zusammengeschlossen wurden: der von <a title=\"Georg Jacob Decker\" href=\"http:\/\/de.wikipedia.org\/wiki\/Georg_Jacob_Decker\">Georg Jacob Decker<\/a> bereits im Jahr 1763 \u00fcbernommenen <em>K\u00f6niglich Geheimen Oberhofbuchdruckerei (R.\u00a0v.\u00a0Decker)<\/em> und der 1851 gegr\u00fcndeten <em>K\u00f6niglich-Preu\u00dfischen Staatsdruckerei<\/em>.<\/p>\n<p style=\"text-align: justify;\" align=\"left\">Ab 1880 produzierte die Reichsdruckerei neben s\u00e4mtlichen staatlichen Druckerzeugnissen auch das erste Berliner <a title=\"Telefonbuch\" href=\"http:\/\/de.wikipedia.org\/wiki\/Telefonbuch#Deutschland\">Telefonbuch<\/a>, <a title=\"Kunstdruck\" href=\"http:\/\/de.wikipedia.org\/wiki\/Kunstdruck\">Reproduktionen von Kunstwerken<\/a>, Postwertzeichen und <a title=\"Patentschrift\" href=\"http:\/\/de.wikipedia.org\/wiki\/Patentschrift\">Patentschriften<\/a>.<\/p>\n<p style=\"text-align: justify;\" align=\"left\">Im Jahr 1905 wurde eine eigene Farbenreiberei gegr\u00fcndet, um eine gleichbleibende Qualit\u00e4t der Druckfarben zu gew\u00e4hrleisten.<\/p>\n<p style=\"text-align: justify;\" align=\"left\">Mit Beginn des <a title=\"Erster Weltkrieg\" href=\"http:\/\/de.wikipedia.org\/wiki\/Erster_Weltkrieg\">Ersten Weltkriegs<\/a> wurden gro\u00dfe Mengen des umlaufenden <a title=\"M\u00fcnze\" href=\"http:\/\/de.wikipedia.org\/wiki\/M%C3%BCnze\">M\u00fcnzgeldes<\/a> eingezogen und der Reichskriegskasse zugef\u00fchrt. Um Edelmetalle f\u00fcr die Geldproduktion einzusparen, wurden zus\u00e4tzliche <a title=\"Darlehnskassenschein\" href=\"http:\/\/de.wikipedia.org\/wiki\/Darlehnskassenschein\">Darlehnskassenscheine<\/a> zu einer und zwei <a title=\"Reichsmark\" href=\"http:\/\/de.wikipedia.org\/wiki\/Reichsmark\">Mark<\/a> sowie gro\u00dfe Mengen anderer Reichsbanknoten ausgegeben.<\/p>\n<p style=\"text-align: justify;\" align=\"left\"><strong><a class=\"extiw\" title=\"s:Gesetz, betreffend die Erwerbung der K\u00f6niglich preu\u00dfischen Staatsdruckerei f\u00fcr das Reich\" href=\"http:\/\/de.wikisource.org\/wiki\/Gesetz,_betreffend_die_Erwerbung_der_K%C3%B6niglich_preu%C3%9Fischen_Staatsdruckerei_f%C3%BCr_das_Reich\">Gesetz, betreffend die Erwerbung der K\u00f6niglich preu\u00dfischen Staatsdruckerei f\u00fcr das Reich vom 15. Mai 1879<br \/>\n<\/a><\/strong><\/p>\n<p style=\"text-align: justify;\" align=\"left\"><strong>Nachdem die alte Reichsdruckerei gem\u00e4\u00df dem Versailler Diktat an die Fremdverwaltungen (WRV, GDR und BRD) bis heute \u00fcbertragen wurde, mu\u00dfte die ehemalige Reichsdruckerei durch den aktuellen Souver\u00e4n wieder neu gegr\u00fcndet werden.<\/strong><\/p>\n<hr \/>\n<p><strong>Neue Deutsche Reichsdruckerei <\/strong>(Rechtsnachfolger auch der Bundesdruckerei)<\/p>\n<blockquote class=\"wp-embedded-content\" data-secret=\"hsYHcwLdhP\"><p><a href=\"https:\/\/www.deutscher-reichsanzeiger.de\/rgbl\/rgbl-1006276-nr22-erlass-reichsdruckerei\/\">RGBl-1006276-Nr22-Erlass-Reichsdruckerei<\/a><\/p><\/blockquote>\n<p><iframe loading=\"lazy\" class=\"wp-embedded-content\" sandbox=\"allow-scripts\" security=\"restricted\" style=\"position: absolute; clip: rect(1px, 1px, 1px, 1px);\" title=\"&#8222;RGBl-1006276-Nr22-Erlass-Reichsdruckerei&#8220; &#8212; Deutscher Reichanzeiger\" src=\"https:\/\/www.deutscher-reichsanzeiger.de\/rgbl\/rgbl-1006276-nr22-erlass-reichsdruckerei\/embed\/#?secret=QCE6NUsMHL#?secret=hsYHcwLdhP\" data-secret=\"hsYHcwLdhP\" width=\"600\" height=\"338\" frameborder=\"0\" marginwidth=\"0\" marginheight=\"0\" scrolling=\"no\"><\/iframe><\/p>\n<p>Direkt den Reichsamt des Innern unterstellt<\/p>\n<blockquote class=\"wp-embedded-content\" data-secret=\"2Vme4t3SaU\"><p><a href=\"https:\/\/www.deutscher-reichsanzeiger.de\/rgbl\/rgbl-1703071-nr11-gesetz-betreffend-die-deutsche-reichsdruckerei\/\">RGBl-1703071-Nr11 Gesetz betreffend die Deutsche Reichsdruckerei<\/a><\/p><\/blockquote>\n<p><iframe loading=\"lazy\" class=\"wp-embedded-content\" sandbox=\"allow-scripts\" security=\"restricted\" style=\"position: absolute; clip: rect(1px, 1px, 1px, 1px);\" title=\"&#8222;RGBl-1703071-Nr11 Gesetz betreffend die Deutsche Reichsdruckerei&#8220; &#8212; Deutscher Reichanzeiger\" src=\"https:\/\/www.deutscher-reichsanzeiger.de\/rgbl\/rgbl-1703071-nr11-gesetz-betreffend-die-deutsche-reichsdruckerei\/embed\/#?secret=wvSjXDqOEK#?secret=2Vme4t3SaU\" data-secret=\"2Vme4t3SaU\" width=\"600\" height=\"338\" frameborder=\"0\" marginwidth=\"0\" marginheight=\"0\" scrolling=\"no\"><\/iframe><\/p>\n<p style=\"text-align: center;\"><span style=\"color: #008000;\"><strong>Es kommt ein Zeitpunkt in Deinem Leben, an dem Du realisierst,<br \/>\nwer Dir wichtig ist, wer es nie war und wer es immer sein wird.<br \/>\nSo mach Dir keine Gedanken \u00fcber die Menschen aus Deiner Vergangenheit,<br \/>\ndenn es gibt einen Grund, weshalb sie es nicht in Deine Zukunft geschafft haben.<\/strong><\/span><\/p>\n<hr \/>\n<div><strong>Erkl\u00e4rung zu unseren Dokumenten und den Bezug zur Staatsangeh\u00f6rigkeit und zur Reichsangeh\u00f6rigkeit<\/strong><\/div>\n<div><\/div>\n<div style=\"text-align: justify;\">Gem\u00e4\u00df Artikel 4 der Deutschen Reichsverfassung ist nur das Reich f\u00fcr die Ausstellung von Urkunden und Ausweisen zust\u00e4ndig.<br \/>\n<a title=\"Recht und Pflichten des Deutschen Reiches\" href=\"https:\/\/www.verfassung-deutschland.de\/#Artikel4\" target=\"_blank\" rel=\"noopener noreferrer\">http:\/\/www.verfassung-deutschland.de<\/a><\/div>\n<div style=\"text-align: justify;\">Die Gesetzgebung steht in Artikel 5 der Verfassung und ist staatsrechtlich durch ein \u00dcbergangsgesetz unantastbar und gesetzeskonform.<br \/>\n<a href=\"https:\/\/www.deutscher-reichsanzeiger.de\/rgbl-1005232-nr7-uebergangsgesetz\/\" target=\"_blank\" rel=\"noopener noreferrer\">http:\/\/deutscher-reichsanzeiger.de\/2011\/&#8230;<\/a>Gem\u00e4\u00df dem RuStaG von 1913 sind wir Reichsangeh\u00f6rige des Deutschen Reiches und Deutschlands und Staatsangeh\u00f6rige der damaligen Bundesstaaten, die allerdings derzeit nicht handlungsf\u00e4hig sind. Der Reichs-Personenausweis kann nicht die Staatsangeh\u00f6rigkeit ausweisen, da viele in Gebieten geboren sind, die auch au\u00dferhalb des Deutschen Reiches liegen, siehe hierzu unsere Vertriebenen, die auch Deutsche sind.<\/div>\n<p style=\"text-align: justify;\">Der RPA gilt nur im Deutschen Reich und nicht in den Firmengebieten der EU, wird allerdings sehr oft erfolgreich verwendet. Unsere Ausweise d\u00fcrfen nicht eingezogen werden und wenn, dann werden diese innerhalb kurzer Zeit wieder zur\u00fcckgegeben.<\/p>\n<div style=\"text-align: justify;\">Die Reichsleitung des Deutschen Reiches ist berechtigt und verpflichtet, die souver\u00e4nen, aber handlungsunf\u00e4higen Bundesstaaten aufrechtzuerhalten, damit sp\u00e4ter in einer freien Abstimmung gekl\u00e4rt werden kann, ob wir weiterhin die Bundesstaaten wollen.<\/div>\n<div style=\"text-align: justify;\">Derzeit kann kein einziger Bundesstaat ohne die Zustimmung des Deutschen Reiches gegr\u00fcndet werden, auch hierzu sollte die Verfassung verstanden werden (Artikel 19 der Verfassung) und auch dieses \u00dcbergangsgesetz.<br \/>\n<a href=\"https:\/\/www.deutscher-reichsanzeiger.de\/rgbl-1106011-nr07-gesetz-neuaufbau-des-deutschen-reiches\/\" target=\"_blank\" rel=\"noopener noreferrer\">http:\/\/deutscher-reichsanzeiger.de\/2011\/&#8230;<\/a> Mit der Reichs- und Staatsangeh\u00f6rigkeits-Ausweis haben Sie eine staatlich ausgestellte Urkunde und somit auch das richtige Dokument, um zu beweisen, wer Sie sind.<\/div>\n<p style=\"text-align: justify;\">Der RPA sagt nur in welchem Staat Sie geboren sind und da\u00df dieser dem Deutschen Reich (Reichsangeh\u00f6rigkeit) angeh\u00f6ren k\u00f6nnte. W\u00e4ren Ihre Eltern Sachsen gewesen und Sie w\u00e4ren in Preu\u00dfen auf die Welt gekommen, dann h\u00e4tten wir pr\u00fcfen m\u00fcssen, wie lange Sie in Preu\u00dfen leben, um die preu\u00dfische Staatsangeh\u00f6rigkeit zu erhalten. Was allerdings mit der Reichsangeh\u00f6rigkeit \u00fcberlagert wird.<\/p>\n<div>\n<p style=\"text-align: justify;\">Lassen Sie sich nicht von den Speichelleckern im Hintergrund irritieren, denn Neid ist der Weg in die H\u00f6lle und da wohnen noch 99% der Deutschen. Zus\u00e4tzlich mu\u00df festgestellt werden, da\u00df der Satz Wissen ist Macht nicht richtig ist, denn der m\u00fc\u00dfte hei\u00dfen \u201eRichtiges Wissen ist Macht\u201c<\/p>\n<p style=\"text-align: justify;\">In den Patriotenkreisen gibt es 99 % Wesen, denen es nur um Vernichtung, Spaltung und Verrat geht. Hinzu kommen die Alt-Stasis, Alt-Nazis, die falschen Juden, die Antifa und die Religionen und Parteien. Die alle nur deshalb gegen das Deutsche Reich handeln, weil diese aus Wesen bestehen, die einem Duckm\u00e4user und Feigling entsprechen und weil viele Angst vor ihrer eigenen Wahrheit und Vergangenheit haben.<\/p>\n<p style=\"text-align: justify;\">Was die Fahrerlaubnis im Deutschen Reich betrifft, so ist die Klasse 4 auch eine Vorschrift, die der EU-Vorschrift vorgeht, denn wir sind kein Mitglied der EU. Das ist sowieso nur eine Geldmaschine, damit die dummen Arbeitslagerbewohner st\u00e4ndig gesteuert und abgezockt werden k\u00f6nnen. Wer ein Mofa fahren kann, kann auch ein Kraftrad bis 250 ccm fahren.<\/p>\n<hr \/>\n<p>Lesen Sie hierzu auch die<\/p>\n<\/div>\n<div>\n<p><span class=\"Stil1\"><strong>Unabh\u00e4ngigkeitserkl\u00e4rung des Deutschen Volkes und des Deutschen Reiches<\/strong><br \/>\n<\/span><\/p>\n<p><a href=\"https:\/\/www.bundespraesidium.de\/praesidialamt\/\" target=\"_blank\" rel=\"noopener noreferrer\">http:\/\/bundespraesidium.de\/tyr-2512-pel-014\/<\/a><\/p>\n<p style=\"text-align: justify;\">Aufbau des Volks-Reichstages<br \/>\nDer Bundesrath ist gem\u00e4\u00df geltender Verfassung auf staatsrechtlicher Ebene der Souver\u00e4n. Die logische Konsequenz daraus, der Volks-Bundesrath proklamiert am 23.05.2009 den Volks-Reichstag. Deutschland mu\u00df das Stammland und die Heimat der Deutschen bleiben. Daf\u00fcr haben wir uns als wahrhaftige Deutsche im Volks-Bundesrath, als freie Volksbewegung in Selbstverantwortung, mit Geduld, Achtung, Wahrheit und Friedfertigkeit zusammengefunden.<br \/>\nAm 23. Mai 2009, 13 Uhr &#8211; war die Proklamation vom Volks-Reichstag \u201eDie Reichsfahne weht \u00fcber dem Volks-Bundesrath\u201c der vor dem Reichstagsgeb\u00e4ude den \u201eVolks-Reichstag\u201c proklamiert und somit ein weiteres gesetzgebendes Organ zur endg\u00fcltigen Herstellung der Handlungsf\u00e4higkeit Deutschlands bzw. des Deutschen Reiches, durch das deutsche Volk, aktiviert. \u201eAlle bewu\u00dften Deutschen sind damit aufgefordert, sich mit der Anmeldung f\u00fcr den Volks-Reichstag f\u00fcr die Einrichtung der Handlungsf\u00e4higkeit und der Souver\u00e4nit\u00e4t von Deutschland einzusetzen und damit die Basis f\u00fcr ein selbstbestimmtes und selbstverwaltetes Deutschland zu errichten&#8230;\u201c<\/p>\n<p>Mit dem 23. Juni 2010 sind 51 Botschaften informiert, ebenso die UNO und der Vatikan, die Milit\u00e4rregierung und auch die \u201eBundesrepublik Deutschland\u201c<\/p>\n<p><a href=\"https:\/\/www.bundespraesidium.de\/Ablage\/Allgemeine-Anordnung-Amtssitz-230610-oU.pdf\" target=\"_blank\" rel=\"noopener noreferrer\">http:\/\/bundespraesidium.de\/Ablage\/Allgemeine-Anordnung-Amtssitz-230610-oU.pdf<\/a><\/p>\n<p><a href=\"https:\/\/www.deutscher-reichsanzeiger.de\/rgbl\/rgbl-1006201-nr11-erlass-amtssitz-bellevue\/\">https:\/\/www.deutscher-reichsanzeiger.de\/rgbl\/rgbl-1006201-nr11-erlass-amtssitz-bellevue\/<\/a><\/p>\n<p style=\"text-align: justify;\">Diesbez\u00fcglich verweisen wir zwingend auf die Bekanntmachung des Schreibens der Drei M\u00e4chte vom 8. Juni 1990 zur Aufhebung ihrer Vorbehalte, insbesondere in dem Genehmigungsschreiben zum Grundgesetz vom 12. Mai 1949 in bezug auf die Direktwahl der Berliner Vertreter zum Bundestag und ihr volles Stimmrecht im Bundestag und im Bundesrat. Zitat: \u2026\u2026.. Die Haltung der Alliierten, &#8222;da\u00df die Bindungen zwischen den Westsektoren Berlins und der Bundesrepublik Deutschland aufrechterhalten und entwickelt werden, wobei sie ber\u00fccksichtigen, da\u00df diese Sektoren wie bisher kein Bestandteil (konstitutiver Teil) der Bundesrepublik Deutschland sind und auch weiterhin nicht von ihr regiert werden&#8220; bleibt unver\u00e4ndert.<\/p>\n<p style=\"text-align: justify;\">Die gesamte F\u00fchrung der Bundesrepublik Deutschland ist demgem\u00e4\u00df verpflichtet, die unbegrenzte Versorgung und Sicherheit der gesamten Anlage des Schlosses zu gew\u00e4hrleisten.<br \/>\nDas Reichspr\u00e4sidium des Deutschen Reiches besteht gem\u00e4\u00df \u00dcbergangsgesetz vom 23. Mai 2010 (RGBl-1005232-Nr7-Uebergangsgesetz) aus dem Pr\u00e4sidialsenat und dem Reichskanzler und den stellvertretenden Reichskanzlern. Bis auf Widerruf werden weitere Beh\u00f6rden zur Reichsverwaltung auch am Amtssitz des Reichspr\u00e4sidiums errichtet.<\/p>\n<p>Berlin, den 20. Juni 2010.<\/p>\n<p>Reichsleitung<br \/>\nSpreeweg 1, 1 Berlin c\/o<br \/>\n\u00dcberleitungs-Postfachanschrift:<br \/>\n<strong>SdI Lorenz<\/strong><br \/>\n<strong>Postfach 390124<\/strong><br \/>\n<strong>14091 Berlin<\/strong><\/p>\n<hr \/>\n<p>Das aktuelle v\u00f6lkerrechtliche Gutachten erhalten sie hier<\/p>\n<\/div>\n<div>\n<h2 align=\"center\"><a href=\"https:\/\/www.bundespraesidium.de\/Ablage\/Voelkerrechtliches-Gutachen.pdf\"><span class=\"Stil16\">V\u00f6lkerrechtliches Gutachten <\/span><\/a><\/h2>\n<\/div>\n<div>\n<p>*******************<\/p>\n<p style=\"text-align: justify;\">Wichtiger Hinweis: <em>Bei den derzeit angeboten sogenannten Ausweisen, so auch denen der BRD, werden falsche Postleitzahlen, falsche Adler und falsche Druckereien vorget\u00e4uscht. Zus\u00e4tzlich darf verstanden werden, da\u00df auch in einem durch Staatenlose und Terroristen regierten Gebilde, es nur ein legitime Regierung geben kann und in einem souver\u00e4nen Deutschen Reich es nur eine legitimierte und berechtigte Deutsche Reichsdruckerei gibt, sowie nur ein Reichsamt des Innern. Der Adler der Fremdverwalter wie z. B. die BRD ist der \u201eWeimarer-Republik-Adler\u201c, jedoch nicht der des wahren Deutschen Reiches. <\/em><\/p>\n<p style=\"text-align: right;\">Verantwortlich f\u00fcr diesen Text zeichnet sich das <a href=\"https:\/\/www.reichsamt-des-innern.de\">Reichsamt des Innern<\/a><\/p>\n<\/div>\n<\/div>\n<div class=\"pdfprnt-buttons pdfprnt-buttons-page pdfprnt-top-bottom-right\"><a href=\"https:\/\/www.reichsamt.info\/jdr-druckerei\/wp-json\/wp\/v2\/pages\/100?print=pdf\" class=\"pdfprnt-button pdfprnt-button-pdf\" target=\"_blank\" ><\/a><a href=\"https:\/\/www.reichsamt.info\/jdr-druckerei\/wp-json\/wp\/v2\/pages\/100?print=print\" class=\"pdfprnt-button pdfprnt-button-print\" target=\"_blank\" ><img decoding=\"async\" src=\"https:\/\/www.reichsamt.info\/jdr-druckerei\/wp-content\/plugins\/pdf-print\/images\/print.png\" alt=\"image_print\" title=\"Inhalt drucken\" \/><\/a><\/div>","protected":false},"excerpt":{"rendered":"<p>Amtsblatt &#8211; Meine Schritte zum souver\u00e4nen Staatsangeh\u00f6rigen Die Reichsdruckerei war eine unmittelbare Reichsanstalt in Berlin unter der obersten Leitung des Staatssekret\u00e4rs des [&hellip;]<\/p>\n","protected":false},"author":1,"featured_media":0,"parent":0,"menu_order":0,"comment_status":"closed","ping_status":"closed","template":"","meta":{"footnotes":""},"class_list":["post-100","page","type-page","status-publish","hentry"],"yoast_head":"<!-- This site is optimized with the Yoast SEO plugin v27.1.1 - https:\/\/yoast.com\/product\/yoast-seo-wordpress\/ -->\n<title>V\u00f6lkerrechtliche Legitimation - Urkundendruckerei Deutsches Reich<\/title>\n<meta name=\"robots\" content=\"index, follow, max-snippet:-1, max-image-preview:large, max-video-preview:-1\" \/>\n<link rel=\"canonical\" href=\"https:\/\/www.reichsamt.info\/jdr-druckerei\/voelkerrechtliche-legitimation\/\" \/>\n<meta property=\"og:locale\" content=\"de_DE\" \/>\n<meta property=\"og:type\" content=\"article\" \/>\n<meta property=\"og:title\" content=\"V\u00f6lkerrechtliche Legitimation - Urkundendruckerei Deutsches Reich\" \/>\n<meta property=\"og:description\" content=\"Amtsblatt &#8211; Meine Schritte zum souver\u00e4nen Staatsangeh\u00f6rigen Die Reichsdruckerei war eine unmittelbare Reichsanstalt in Berlin unter der obersten Leitung des Staatssekret\u00e4rs des [&hellip;]\" \/>\n<meta property=\"og:url\" content=\"https:\/\/www.reichsamt.info\/jdr-druckerei\/voelkerrechtliche-legitimation\/\" \/>\n<meta property=\"og:site_name\" content=\"Urkundendruckerei Deutsches Reich\" \/>\n<meta property=\"article:modified_time\" content=\"2026-02-05T18:00:39+00:00\" \/>\n<meta name=\"twitter:card\" content=\"summary_large_image\" \/>\n<meta name=\"twitter:label1\" content=\"Gesch\u00e4tzte Lesezeit\" \/>\n\t<meta name=\"twitter:data1\" content=\"8\u00a0Minuten\" \/>\n<script type=\"application\/ld+json\" class=\"yoast-schema-graph\">{\"@context\":\"https:\/\/schema.org\",\"@graph\":[{\"@type\":\"WebPage\",\"@id\":\"https:\/\/www.reichsamt.info\/jdr-druckerei\/voelkerrechtliche-legitimation\/\",\"url\":\"https:\/\/www.reichsamt.info\/jdr-druckerei\/voelkerrechtliche-legitimation\/\",\"name\":\"V\u00f6lkerrechtliche Legitimation - Urkundendruckerei Deutsches Reich\",\"isPartOf\":{\"@id\":\"https:\/\/www.reichsamt.info\/jdr-druckerei\/#website\"},\"datePublished\":\"2018-04-03T12:05:15+00:00\",\"dateModified\":\"2026-02-05T18:00:39+00:00\",\"breadcrumb\":{\"@id\":\"https:\/\/www.reichsamt.info\/jdr-druckerei\/voelkerrechtliche-legitimation\/#breadcrumb\"},\"inLanguage\":\"de\",\"potentialAction\":[{\"@type\":\"ReadAction\",\"target\":[\"https:\/\/www.reichsamt.info\/jdr-druckerei\/voelkerrechtliche-legitimation\/\"]}]},{\"@type\":\"BreadcrumbList\",\"@id\":\"https:\/\/www.reichsamt.info\/jdr-druckerei\/voelkerrechtliche-legitimation\/#breadcrumb\",\"itemListElement\":[{\"@type\":\"ListItem\",\"position\":1,\"name\":\"Startseite\",\"item\":\"https:\/\/www.reichsamt.info\/jdr-druckerei\/\"},{\"@type\":\"ListItem\",\"position\":2,\"name\":\"V\u00f6lkerrechtliche Legitimation\"}]},{\"@type\":\"WebSite\",\"@id\":\"https:\/\/www.reichsamt.info\/jdr-druckerei\/#website\",\"url\":\"https:\/\/www.reichsamt.info\/jdr-druckerei\/\",\"name\":\"Druckerei Deutschland\",\"description\":\"Bei uns erhalten sie Urkunden und Dokumente f\u00fcr Reichs- und Staatsangeh\u00f6rige und Personen die ihre Staatenlosigkeit beenden wollen.\",\"potentialAction\":[{\"@type\":\"SearchAction\",\"target\":{\"@type\":\"EntryPoint\",\"urlTemplate\":\"https:\/\/www.reichsamt.info\/jdr-druckerei\/?s={search_term_string}\"},\"query-input\":{\"@type\":\"PropertyValueSpecification\",\"valueRequired\":true,\"valueName\":\"search_term_string\"}}],\"inLanguage\":\"de\"}]}<\/script>\n<!-- \/ Yoast SEO plugin. -->","yoast_head_json":{"title":"V\u00f6lkerrechtliche Legitimation - Urkundendruckerei Deutsches Reich","robots":{"index":"index","follow":"follow","max-snippet":"max-snippet:-1","max-image-preview":"max-image-preview:large","max-video-preview":"max-video-preview:-1"},"canonical":"https:\/\/www.reichsamt.info\/jdr-druckerei\/voelkerrechtliche-legitimation\/","og_locale":"de_DE","og_type":"article","og_title":"V\u00f6lkerrechtliche Legitimation - Urkundendruckerei Deutsches Reich","og_description":"Amtsblatt &#8211; Meine Schritte zum souver\u00e4nen Staatsangeh\u00f6rigen Die Reichsdruckerei war eine unmittelbare Reichsanstalt in Berlin unter der obersten Leitung des Staatssekret\u00e4rs des [&hellip;]","og_url":"https:\/\/www.reichsamt.info\/jdr-druckerei\/voelkerrechtliche-legitimation\/","og_site_name":"Urkundendruckerei Deutsches Reich","article_modified_time":"2026-02-05T18:00:39+00:00","twitter_card":"summary_large_image","twitter_misc":{"Gesch\u00e4tzte Lesezeit":"8\u00a0Minuten"},"schema":{"@context":"https:\/\/schema.org","@graph":[{"@type":"WebPage","@id":"https:\/\/www.reichsamt.info\/jdr-druckerei\/voelkerrechtliche-legitimation\/","url":"https:\/\/www.reichsamt.info\/jdr-druckerei\/voelkerrechtliche-legitimation\/","name":"V\u00f6lkerrechtliche Legitimation - Urkundendruckerei Deutsches Reich","isPartOf":{"@id":"https:\/\/www.reichsamt.info\/jdr-druckerei\/#website"},"datePublished":"2018-04-03T12:05:15+00:00","dateModified":"2026-02-05T18:00:39+00:00","breadcrumb":{"@id":"https:\/\/www.reichsamt.info\/jdr-druckerei\/voelkerrechtliche-legitimation\/#breadcrumb"},"inLanguage":"de","potentialAction":[{"@type":"ReadAction","target":["https:\/\/www.reichsamt.info\/jdr-druckerei\/voelkerrechtliche-legitimation\/"]}]},{"@type":"BreadcrumbList","@id":"https:\/\/www.reichsamt.info\/jdr-druckerei\/voelkerrechtliche-legitimation\/#breadcrumb","itemListElement":[{"@type":"ListItem","position":1,"name":"Startseite","item":"https:\/\/www.reichsamt.info\/jdr-druckerei\/"},{"@type":"ListItem","position":2,"name":"V\u00f6lkerrechtliche Legitimation"}]},{"@type":"WebSite","@id":"https:\/\/www.reichsamt.info\/jdr-druckerei\/#website","url":"https:\/\/www.reichsamt.info\/jdr-druckerei\/","name":"Druckerei Deutschland","description":"Bei uns erhalten sie Urkunden und Dokumente f\u00fcr Reichs- und Staatsangeh\u00f6rige und Personen die ihre Staatenlosigkeit beenden wollen.","potentialAction":[{"@type":"SearchAction","target":{"@type":"EntryPoint","urlTemplate":"https:\/\/www.reichsamt.info\/jdr-druckerei\/?s={search_term_string}"},"query-input":{"@type":"PropertyValueSpecification","valueRequired":true,"valueName":"search_term_string"}}],"inLanguage":"de"}]}},"_links":{"self":[{"href":"https:\/\/www.reichsamt.info\/jdr-druckerei\/wp-json\/wp\/v2\/pages\/100","targetHints":{"allow":["GET"]}}],"collection":[{"href":"https:\/\/www.reichsamt.info\/jdr-druckerei\/wp-json\/wp\/v2\/pages"}],"about":[{"href":"https:\/\/www.reichsamt.info\/jdr-druckerei\/wp-json\/wp\/v2\/types\/page"}],"author":[{"embeddable":true,"href":"https:\/\/www.reichsamt.info\/jdr-druckerei\/wp-json\/wp\/v2\/users\/1"}],"replies":[{"embeddable":true,"href":"https:\/\/www.reichsamt.info\/jdr-druckerei\/wp-json\/wp\/v2\/comments?post=100"}],"version-history":[{"count":0,"href":"https:\/\/www.reichsamt.info\/jdr-druckerei\/wp-json\/wp\/v2\/pages\/100\/revisions"}],"wp:attachment":[{"href":"https:\/\/www.reichsamt.info\/jdr-druckerei\/wp-json\/wp\/v2\/media?parent=100"}],"curies":[{"name":"wp","href":"https:\/\/api.w.org\/{rel}","templated":true}]}}