{"id":75,"date":"2016-05-14T11:20:21","date_gmt":"2016-05-14T09:20:21","guid":{"rendered":"https:\/\/www.reichsamt.info\/amtswegweiser\/?page_id=75"},"modified":"2022-06-29T17:26:30","modified_gmt":"2022-06-29T15:26:30","slug":"reichsanzeiger","status":"publish","type":"page","link":"https:\/\/www.reichsamt.info\/amtswegweiser\/reichsanzeiger\/","title":{"rendered":"Reichsanzeiger"},"content":{"rendered":"<h1 align=\"center\"><b><span class=\"Stil6\">Deutscher Reichsanzeiger<\/span><\/b><\/h1>\n<p align=\"center\">Amtliches Mitteilungsblatt des Deutschen Reiches<b><br \/>\n<\/b>Gesetzliche Ver\u00f6ffentlichungen mit klick auf nachfolgende Texte.<\/p>\n<p align=\"center\">\u00dcbersicht der Reichsgesetzbl\u00e4tter, Verordnungen und Mitteilungen vom Bundesrath und Reichstag des Deutschen Reiches. Es gilt im gesamten Umfang des Deutschen Reiches die bisher <u>nie<\/u> au\u00dferkraftgesetzte <a href=\"http:\/\/verfassung-deutschland.de\">Reichsverfassung vom 16. April 1871, letzter \u00c4nderungsstand 28.10.1918,<\/a> inklusiv den bis zum 28.10.1918 geltenden Gesetzen und alle erlassenen Gesetze und Anordnungen durch das <a href=\"http:\/\/bundespraesidium.de\">Reichs- und Bundespr\u00e4sidium<\/a>. Zu ber\u00fccksichtigen sind alle in diesem amtlichen Anzeiger\u00a0ver\u00f6ffentlichten Gesetzes\u00e4nderungen, -erg\u00e4nzungen, oder Au\u00dferkraftsetzungen. Gesetze der BRD, anderer selbsternannter Gruppen oder sogenannter Reichsregierung, haben keine staatsrechliche und verfassungskonforme Rechtskraft und sind &#8222;de jure&#8220; als\u00a0<u>NICHTIG<\/u> zu bewerten.<br \/>\nEs gilt in F\u00e4llen der Rechtsunsicherheit <a href=\"http:\/\/verfassung-deutschland.de#Artikel2\">Artikel 2 der Reichsverfassung<\/a><br \/>\n&#8230; die Reichsgesetze gehen den Landesgesetzen vor<\/p>\n<p align=\"center\">Siehe die neue Seite auch \u00fcber <a href=\"http:\/\/deutscher-reichsanzeiger.de\">http:\/\/deutscher-reichsanzeiger.de<\/a> zu finden:<\/p>\n<p style=\"text-align: center;\"><a href=\"http:\/\/deutscher-reichsanzeiger.de\/Gesetze\/\" target=\"_blank\" rel=\"noopener\"><span style=\"font-size: 24pt;\">http:\/\/deutscher-reichsanzeiger.de\/rgbl\/<\/span><\/a><\/p>\n<p style=\"text-align: center;\"><span style=\"font-size: 24pt;\"><a href=\"http:\/\/deutscher-reichsanzeiger.de\/amtsblatt\/\" target=\"_blank\" rel=\"noopener\">http:\/\/deutscher-reichsanzeiger.de\/amtsblatt\/<\/a><\/span><\/p>\n<p>&nbsp;<\/p>\n","protected":false},"excerpt":{"rendered":"<p>Deutscher Reichsanzeiger Amtliches Mitteilungsblatt des Deutschen Reiches Gesetzliche Ver\u00f6ffentlichungen mit klick auf nachfolgende Texte. \u00dcbersicht der Reichsgesetzbl\u00e4tter, Verordnungen und Mitteilungen vom Bundesrath und Reichstag des Deutschen Reiches. Es gilt im&#8230;<\/p>\n","protected":false},"author":1,"featured_media":0,"parent":0,"menu_order":0,"comment_status":"closed","ping_status":"closed","template":"","meta":{"footnotes":""},"class_list":["post-75","page","type-page","status-publish","hentry","entry"],"yoast_head":"<!-- This site is optimized with the Yoast SEO plugin v27.1.1 - https:\/\/yoast.com\/product\/yoast-seo-wordpress\/ -->\n<title>Reichsanzeiger - Amtswegweiser Deutschlands<\/title>\n<meta name=\"robots\" content=\"index, follow, max-snippet:-1, max-image-preview:large, max-video-preview:-1\" \/>\n<link rel=\"canonical\" href=\"https:\/\/www.reichsamt.info\/amtswegweiser\/reichsanzeiger\/\" \/>\n<meta property=\"og:locale\" content=\"de_DE\" \/>\n<meta property=\"og:type\" content=\"article\" \/>\n<meta property=\"og:title\" content=\"Reichsanzeiger - Amtswegweiser Deutschlands\" \/>\n<meta property=\"og:description\" content=\"Deutscher Reichsanzeiger Amtliches Mitteilungsblatt des Deutschen Reiches Gesetzliche Ver\u00f6ffentlichungen mit klick auf nachfolgende Texte. \u00dcbersicht der Reichsgesetzbl\u00e4tter, Verordnungen und Mitteilungen vom Bundesrath und Reichstag des Deutschen Reiches. Es gilt im&#8230;\" \/>\n<meta property=\"og:url\" content=\"https:\/\/www.reichsamt.info\/amtswegweiser\/reichsanzeiger\/\" \/>\n<meta property=\"og:site_name\" content=\"Amtswegweiser Deutschlands\" \/>\n<meta property=\"article:modified_time\" content=\"2022-06-29T15:26:30+00:00\" \/>\n<meta name=\"twitter:card\" content=\"summary_large_image\" \/>\n<meta name=\"twitter:label1\" content=\"Gesch\u00e4tzte Lesezeit\" \/>\n\t<meta name=\"twitter:data1\" content=\"1\u00a0Minute\" \/>\n<script type=\"application\/ld+json\" class=\"yoast-schema-graph\">{\"@context\":\"https:\/\/schema.org\",\"@graph\":[{\"@type\":\"WebPage\",\"@id\":\"https:\/\/www.reichsamt.info\/amtswegweiser\/reichsanzeiger\/\",\"url\":\"https:\/\/www.reichsamt.info\/amtswegweiser\/reichsanzeiger\/\",\"name\":\"Reichsanzeiger - Amtswegweiser Deutschlands\",\"isPartOf\":{\"@id\":\"https:\/\/www.reichsamt.info\/amtswegweiser\/#website\"},\"datePublished\":\"2016-05-14T09:20:21+00:00\",\"dateModified\":\"2022-06-29T15:26:30+00:00\",\"breadcrumb\":{\"@id\":\"https:\/\/www.reichsamt.info\/amtswegweiser\/reichsanzeiger\/#breadcrumb\"},\"inLanguage\":\"de\",\"potentialAction\":[{\"@type\":\"ReadAction\",\"target\":[\"https:\/\/www.reichsamt.info\/amtswegweiser\/reichsanzeiger\/\"]}]},{\"@type\":\"BreadcrumbList\",\"@id\":\"https:\/\/www.reichsamt.info\/amtswegweiser\/reichsanzeiger\/#breadcrumb\",\"itemListElement\":[{\"@type\":\"ListItem\",\"position\":1,\"name\":\"Startseite\",\"item\":\"https:\/\/www.reichsamt.info\/amtswegweiser\/\"},{\"@type\":\"ListItem\",\"position\":2,\"name\":\"Reichsanzeiger\"}]},{\"@type\":\"WebSite\",\"@id\":\"https:\/\/www.reichsamt.info\/amtswegweiser\/#website\",\"url\":\"https:\/\/www.reichsamt.info\/amtswegweiser\/\",\"name\":\"Amtswegweiser Deutschlands\",\"description\":\"Institutionelle Reichsorgane des Deutschen Reiches\",\"potentialAction\":[{\"@type\":\"SearchAction\",\"target\":{\"@type\":\"EntryPoint\",\"urlTemplate\":\"https:\/\/www.reichsamt.info\/amtswegweiser\/?s={search_term_string}\"},\"query-input\":{\"@type\":\"PropertyValueSpecification\",\"valueRequired\":true,\"valueName\":\"search_term_string\"}}],\"inLanguage\":\"de\"}]}<\/script>\n<!-- \/ Yoast SEO plugin. -->","yoast_head_json":{"title":"Reichsanzeiger - Amtswegweiser Deutschlands","robots":{"index":"index","follow":"follow","max-snippet":"max-snippet:-1","max-image-preview":"max-image-preview:large","max-video-preview":"max-video-preview:-1"},"canonical":"https:\/\/www.reichsamt.info\/amtswegweiser\/reichsanzeiger\/","og_locale":"de_DE","og_type":"article","og_title":"Reichsanzeiger - Amtswegweiser Deutschlands","og_description":"Deutscher Reichsanzeiger Amtliches Mitteilungsblatt des Deutschen Reiches Gesetzliche Ver\u00f6ffentlichungen mit klick auf nachfolgende Texte. \u00dcbersicht der Reichsgesetzbl\u00e4tter, Verordnungen und Mitteilungen vom Bundesrath und Reichstag des Deutschen Reiches. Es gilt im&#8230;","og_url":"https:\/\/www.reichsamt.info\/amtswegweiser\/reichsanzeiger\/","og_site_name":"Amtswegweiser Deutschlands","article_modified_time":"2022-06-29T15:26:30+00:00","twitter_card":"summary_large_image","twitter_misc":{"Gesch\u00e4tzte Lesezeit":"1\u00a0Minute"},"schema":{"@context":"https:\/\/schema.org","@graph":[{"@type":"WebPage","@id":"https:\/\/www.reichsamt.info\/amtswegweiser\/reichsanzeiger\/","url":"https:\/\/www.reichsamt.info\/amtswegweiser\/reichsanzeiger\/","name":"Reichsanzeiger - Amtswegweiser Deutschlands","isPartOf":{"@id":"https:\/\/www.reichsamt.info\/amtswegweiser\/#website"},"datePublished":"2016-05-14T09:20:21+00:00","dateModified":"2022-06-29T15:26:30+00:00","breadcrumb":{"@id":"https:\/\/www.reichsamt.info\/amtswegweiser\/reichsanzeiger\/#breadcrumb"},"inLanguage":"de","potentialAction":[{"@type":"ReadAction","target":["https:\/\/www.reichsamt.info\/amtswegweiser\/reichsanzeiger\/"]}]},{"@type":"BreadcrumbList","@id":"https:\/\/www.reichsamt.info\/amtswegweiser\/reichsanzeiger\/#breadcrumb","itemListElement":[{"@type":"ListItem","position":1,"name":"Startseite","item":"https:\/\/www.reichsamt.info\/amtswegweiser\/"},{"@type":"ListItem","position":2,"name":"Reichsanzeiger"}]},{"@type":"WebSite","@id":"https:\/\/www.reichsamt.info\/amtswegweiser\/#website","url":"https:\/\/www.reichsamt.info\/amtswegweiser\/","name":"Amtswegweiser Deutschlands","description":"Institutionelle Reichsorgane des Deutschen Reiches","potentialAction":[{"@type":"SearchAction","target":{"@type":"EntryPoint","urlTemplate":"https:\/\/www.reichsamt.info\/amtswegweiser\/?s={search_term_string}"},"query-input":{"@type":"PropertyValueSpecification","valueRequired":true,"valueName":"search_term_string"}}],"inLanguage":"de"}]}},"_links":{"self":[{"href":"https:\/\/www.reichsamt.info\/amtswegweiser\/wp-json\/wp\/v2\/pages\/75","targetHints":{"allow":["GET"]}}],"collection":[{"href":"https:\/\/www.reichsamt.info\/amtswegweiser\/wp-json\/wp\/v2\/pages"}],"about":[{"href":"https:\/\/www.reichsamt.info\/amtswegweiser\/wp-json\/wp\/v2\/types\/page"}],"author":[{"embeddable":true,"href":"https:\/\/www.reichsamt.info\/amtswegweiser\/wp-json\/wp\/v2\/users\/1"}],"replies":[{"embeddable":true,"href":"https:\/\/www.reichsamt.info\/amtswegweiser\/wp-json\/wp\/v2\/comments?post=75"}],"version-history":[{"count":0,"href":"https:\/\/www.reichsamt.info\/amtswegweiser\/wp-json\/wp\/v2\/pages\/75\/revisions"}],"wp:attachment":[{"href":"https:\/\/www.reichsamt.info\/amtswegweiser\/wp-json\/wp\/v2\/media?parent=75"}],"curies":[{"name":"wp","href":"https:\/\/api.w.org\/{rel}","templated":true}]}}